{"id":19747,"date":"2025-03-26T15:08:07","date_gmt":"2025-03-26T14:08:07","guid":{"rendered":"https:\/\/azvitrine.ecdev.fr\/?page_id=19747"},"modified":"2025-07-29T10:53:21","modified_gmt":"2025-07-29T08:53:21","slug":"hebergements","status":"publish","type":"page","link":"https:\/\/preprod.azvitrine.ecdev.fr\/fr\/hebergements\/","title":{"rendered":"H\u00e9bergements"},"content":{"rendered":"\t\t<div data-elementor-type=\"wp-page\" data-elementor-id=\"19747\" class=\"elementor elementor-19747\" data-elementor-post-type=\"page\">\n\t\t\t\t<div class=\"elementor-element elementor-element-57b58fb e-con-full e-flex e-con e-parent\" data-id=\"57b58fb\" data-element_type=\"container\" data-settings=\"{&quot;jet_parallax_layout_list&quot;:[],&quot;background_background&quot;:&quot;classic&quot;}\">\n\t\t\t\t<\/div>\n\t\t<div class=\"elementor-element elementor-element-b2f3957 e-con-full e-flex e-con e-parent\" data-id=\"b2f3957\" data-element_type=\"container\" data-settings=\"{&quot;jet_parallax_layout_list&quot;:[]}\">\n\t\t<div class=\"elementor-element elementor-element-a8abc53 e-con-full e-flex e-con e-child\" data-id=\"a8abc53\" data-element_type=\"container\" data-settings=\"{&quot;jet_parallax_layout_list&quot;:[]}\">\n\t\t\t\t<div class=\"elementor-element elementor-element-c9ca7c5 elementor-widget elementor-widget-breadcrumbs\" data-id=\"c9ca7c5\" data-element_type=\"widget\" data-widget_type=\"breadcrumbs.default\">\n\t\t\t\t<div class=\"elementor-widget-container\">\n\t\t\t\t\t<p id=\"breadcrumbs\"><span><span><a href=\"https:\/\/preprod.azvitrine.ecdev.fr\/fr\/\">Accueil<\/a><\/span><\/span><\/p>\t\t\t\t<\/div>\n\t\t\t\t<\/div>\n\t\t\t\t<div class=\"elementor-element elementor-element-1d39ebe elementor-widget elementor-widget-heading\" data-id=\"1d39ebe\" data-element_type=\"widget\" data-widget_type=\"heading.default\">\n\t\t\t\t<div class=\"elementor-widget-container\">\n\t\t\t\t\t<h2 class=\"elementor-heading-title elementor-size-default\">Choisissez l'h\u00e9bergement qui vous convient<\/h2>\t\t\t\t<\/div>\n\t\t\t\t<\/div>\n\t\t\t\t<div class=\"elementor-element elementor-element-5ef85d3 elementor-widget elementor-widget-text-editor\" data-id=\"5ef85d3\" data-element_type=\"widget\" data-widget_type=\"text-editor.default\">\n\t\t\t\t<div class=\"elementor-widget-container\">\n\t\t\t\t\t\t\t\t\t<p class=\"\" data-start=\"0\" data-end=\"280\">Vous r\u00eavez de vacances plac\u00e9es sous le signe de la d\u00e9couverte et de la convivialit\u00e9\u202f? Chez Azureva, nous avons \u00e0 c\u0153ur de vous offrir des h\u00e9bergements qui r\u00e9pondent \u00e0 toutes vos envies\u202f: villages vacances, r\u00e9sidences de vacances, campings ou h\u00f4tels\u2026 Il y en a pour tous les go\u00fbts\u202f!<\/p><p class=\"\" data-start=\"282\" data-end=\"663\">Vous h\u00e9sitez encore entre la simplicit\u00e9 d\u2019un camping en pleine nature, l\u2019ambiance chaleureuse d\u2019un village vacances, le confort d\u2019une r\u00e9sidence ou le charme tout inclus d\u2019un h\u00f4tel\u202f? Cliquez d\u00e8s maintenant sur la cat\u00e9gorie qui vous attire le plus et laissez-nous vous montrer pourquoi nos \u00e9tablissements sont la promesse de souvenirs inoubliables, en France, tout pr\u00e8s de chez vous.<\/p><p class=\"\" data-start=\"665\" data-end=\"725\">Alors, pr\u00eat \u00e0 trouver votre prochaine destination de r\u00eave\u202f?<\/p><ul data-start=\"726\" data-end=\"1065\"><li class=\"\" data-start=\"726\" data-end=\"806\"><p class=\"\" data-start=\"728\" data-end=\"806\"><a href=\"\/fr\/hebergements\/villages\/\"><strong data-start=\"728\" data-end=\"749\">Villages Vacances<\/strong><\/a> : Pour des moments conviviaux en famille ou entre amis<\/p><\/li><li class=\"\" data-start=\"807\" data-end=\"893\"><p class=\"\" data-start=\"809\" data-end=\"893\"><a href=\"\/fr\/hebergements\/residence\/\"><strong data-start=\"809\" data-end=\"835\">R\u00e9sidences de Vacances<\/strong><\/a> : Pour une totale libert\u00e9 tout en gardant votre confort<\/p><\/li><li class=\"\" data-start=\"894\" data-end=\"980\"><p class=\"\" data-start=\"896\" data-end=\"980\"><a href=\"\/fr\/hebergements\/campings\/\"><strong data-start=\"896\" data-end=\"908\">Campings<\/strong> <\/a>: Pour \u00eatre au plus pr\u00e8s de la nature et vous ressourcer en plein air<\/p><\/li><li class=\"\" data-start=\"981\" data-end=\"1065\"><p class=\"\" data-start=\"983\" data-end=\"1065\"><a href=\"\/fr\/hebergements\/hotels\/\"><strong data-start=\"983\" data-end=\"993\">H\u00f4tels<\/strong><\/a> : Pour un s\u00e9jour cl\u00e9 en main, avec tous les services \u00e0 port\u00e9e de main<\/p><\/li><\/ul><p class=\"\" data-start=\"1067\" data-end=\"1221\">Faites le premier pas vers des vacances qui vous ressemblent\u202f: cliquez et d\u00e9couvrez nos offres\u202f!\u00a0<\/p>\t\t\t\t\t\t\t\t<\/div>\n\t\t\t\t<\/div>\n\t\t\t\t<\/div>\n\t\t\t\t<div class=\"elementor-element elementor-element-11bd626 elementor-widget__width-initial elementor-widget elementor-widget-image\" data-id=\"11bd626\" data-element_type=\"widget\" data-widget_type=\"image.default\">\n\t\t\t\t<div class=\"elementor-widget-container\">\n\t\t\t\t\t\t\t\t\t\t\t\t\t\t\t<img loading=\"lazy\" decoding=\"async\" width=\"800\" height=\"600\" src=\"https:\/\/preprod.azvitrine.ecdev.fr\/wp-content\/uploads\/2025\/03\/village-vacances-longeville-sur-mer-azureva-vendee-vue-aerienne-1-1.jpg\" class=\"attachment-large size-large wp-image-19797\" alt=\"nos h\u00e9bergements de vacances azureva en France\" srcset=\"https:\/\/preprod.azvitrine.ecdev.fr\/wp-content\/uploads\/2025\/03\/village-vacances-longeville-sur-mer-azureva-vendee-vue-aerienne-1-1.jpg 800w, https:\/\/preprod.azvitrine.ecdev.fr\/wp-content\/uploads\/2025\/03\/village-vacances-longeville-sur-mer-azureva-vendee-vue-aerienne-1-1-300x225.jpg 300w, https:\/\/preprod.azvitrine.ecdev.fr\/wp-content\/uploads\/2025\/03\/village-vacances-longeville-sur-mer-azureva-vendee-vue-aerienne-1-1-768x576.jpg 768w\" sizes=\"auto, (max-width: 800px) 100vw, 800px\" loading=\"lazy\" \/>\t\t\t\t\t\t\t\t\t\t\t\t\t\t\t<\/div>\n\t\t\t\t<\/div>\n\t\t\t\t<\/div>\n\t\t<div class=\"elementor-element elementor-element-9da4c55 e-flex e-con-boxed e-con e-parent\" data-id=\"9da4c55\" data-element_type=\"container\" data-settings=\"{&quot;jet_parallax_layout_list&quot;:[]}\">\n\t\t\t\t\t<div class=\"e-con-inner\">\n\t\t<a class=\"elementor-element elementor-element-7c54492 e-con-full e-flex e-con e-child\" data-id=\"7c54492\" data-element_type=\"container\" data-settings=\"{&quot;jet_parallax_layout_list&quot;:[]}\" href=\"\/fr\/hebergements\/villages\/\">\n\t\t\t\t<div class=\"elementor-element elementor-element-6937f67 elementor-widget elementor-widget-image\" data-id=\"6937f67\" data-element_type=\"widget\" data-widget_type=\"image.default\">\n\t\t\t\t<div class=\"elementor-widget-container\">\n\t\t\t\t\t\t\t\t\t\t\t\t\t\t\t<img loading=\"lazy\" decoding=\"async\" width=\"500\" height=\"500\" src=\"https:\/\/preprod.azvitrine.ecdev.fr\/wp-content\/uploads\/2025\/03\/village_vacances.png\" class=\"attachment-large size-large wp-image-19756\" alt=\"notre village vacances\" srcset=\"https:\/\/preprod.azvitrine.ecdev.fr\/wp-content\/uploads\/2025\/03\/village_vacances.png 500w, https:\/\/preprod.azvitrine.ecdev.fr\/wp-content\/uploads\/2025\/03\/village_vacances-300x300.png 300w, https:\/\/preprod.azvitrine.ecdev.fr\/wp-content\/uploads\/2025\/03\/village_vacances-150x150.png 150w\" sizes=\"auto, (max-width: 500px) 100vw, 500px\" loading=\"lazy\" \/>\t\t\t\t\t\t\t\t\t\t\t\t\t\t\t<\/div>\n\t\t\t\t<\/div>\n\t\t\t\t<div class=\"elementor-element elementor-element-bf43e0e elementor-widget elementor-widget-text-editor\" data-id=\"bf43e0e\" data-element_type=\"widget\" data-widget_type=\"text-editor.default\">\n\t\t\t\t<div class=\"elementor-widget-container\">\n\t\t\t\t\t\t\t\t\t<p style=\"text-align: center;\"><strong>Villages<\/strong><br \/><strong>Vacances<\/strong><\/p>\t\t\t\t\t\t\t\t<\/div>\n\t\t\t\t<\/div>\n\t\t\t\t<\/a>\n\t\t<a class=\"elementor-element elementor-element-ce023b4 e-con-full e-flex e-con e-child\" data-id=\"ce023b4\" data-element_type=\"container\" data-settings=\"{&quot;jet_parallax_layout_list&quot;:[]}\" href=\"\/fr\/hebergements\/residence\/\">\n\t\t\t\t<div class=\"elementor-element elementor-element-a37f697 elementor-widget elementor-widget-image\" data-id=\"a37f697\" data-element_type=\"widget\" data-widget_type=\"image.default\">\n\t\t\t\t<div class=\"elementor-widget-container\">\n\t\t\t\t\t\t\t\t\t\t\t\t\t\t\t<img loading=\"lazy\" decoding=\"async\" width=\"500\" height=\"500\" src=\"https:\/\/preprod.azvitrine.ecdev.fr\/wp-content\/uploads\/2025\/03\/residence_vacances.png\" class=\"attachment-large size-large wp-image-19768\" alt=\"votre residence de vacances\" srcset=\"https:\/\/preprod.azvitrine.ecdev.fr\/wp-content\/uploads\/2025\/03\/residence_vacances.png 500w, https:\/\/preprod.azvitrine.ecdev.fr\/wp-content\/uploads\/2025\/03\/residence_vacances-300x300.png 300w, https:\/\/preprod.azvitrine.ecdev.fr\/wp-content\/uploads\/2025\/03\/residence_vacances-150x150.png 150w\" sizes=\"auto, (max-width: 500px) 100vw, 500px\" loading=\"lazy\" \/>\t\t\t\t\t\t\t\t\t\t\t\t\t\t\t<\/div>\n\t\t\t\t<\/div>\n\t\t\t\t<div class=\"elementor-element elementor-element-947fe8c elementor-widget elementor-widget-text-editor\" data-id=\"947fe8c\" data-element_type=\"widget\" data-widget_type=\"text-editor.default\">\n\t\t\t\t<div class=\"elementor-widget-container\">\n\t\t\t\t\t\t\t\t\t<p style=\"text-align: center;\"><strong>R\u00e9sidences<\/strong><br \/><strong>de Vacances<\/strong><\/p>\t\t\t\t\t\t\t\t<\/div>\n\t\t\t\t<\/div>\n\t\t\t\t<\/a>\n\t\t<a class=\"elementor-element elementor-element-71c4550 e-con-full e-flex e-con e-child\" data-id=\"71c4550\" data-element_type=\"container\" data-settings=\"{&quot;jet_parallax_layout_list&quot;:[]}\" href=\"\/fr\/hebergements\/campings\/\">\n\t\t\t\t<div class=\"elementor-element elementor-element-92128bc elementor-widget elementor-widget-image\" data-id=\"92128bc\" data-element_type=\"widget\" data-widget_type=\"image.default\">\n\t\t\t\t<div class=\"elementor-widget-container\">\n\t\t\t\t\t\t\t\t\t\t\t\t\t\t\t<img loading=\"lazy\" decoding=\"async\" width=\"500\" height=\"500\" src=\"https:\/\/preprod.azvitrine.ecdev.fr\/wp-content\/uploads\/2025\/03\/camping_france.png\" class=\"attachment-large size-large wp-image-19762\" alt=\"votre camping en france\" srcset=\"https:\/\/preprod.azvitrine.ecdev.fr\/wp-content\/uploads\/2025\/03\/camping_france.png 500w, https:\/\/preprod.azvitrine.ecdev.fr\/wp-content\/uploads\/2025\/03\/camping_france-300x300.png 300w, https:\/\/preprod.azvitrine.ecdev.fr\/wp-content\/uploads\/2025\/03\/camping_france-150x150.png 150w\" sizes=\"auto, (max-width: 500px) 100vw, 500px\" loading=\"lazy\" \/>\t\t\t\t\t\t\t\t\t\t\t\t\t\t\t<\/div>\n\t\t\t\t<\/div>\n\t\t\t\t<div class=\"elementor-element elementor-element-8a0ff94 elementor-widget elementor-widget-text-editor\" data-id=\"8a0ff94\" data-element_type=\"widget\" data-widget_type=\"text-editor.default\">\n\t\t\t\t<div class=\"elementor-widget-container\">\n\t\t\t\t\t\t\t\t\t<p style=\"text-align: center;\"><strong>Campings<\/strong><\/p>\t\t\t\t\t\t\t\t<\/div>\n\t\t\t\t<\/div>\n\t\t\t\t<\/a>\n\t\t<a class=\"elementor-element elementor-element-d79b934 e-con-full e-flex e-con e-child\" data-id=\"d79b934\" data-element_type=\"container\" data-settings=\"{&quot;jet_parallax_layout_list&quot;:[]}\" href=\"\/fr\/hebergements\/hotels\/\">\n\t\t\t\t<div class=\"elementor-element elementor-element-a96b195 elementor-widget elementor-widget-image\" data-id=\"a96b195\" data-element_type=\"widget\" data-widget_type=\"image.default\">\n\t\t\t\t<div class=\"elementor-widget-container\">\n\t\t\t\t\t\t\t\t\t\t\t\t\t\t\t<img loading=\"lazy\" decoding=\"async\" width=\"500\" height=\"500\" src=\"https:\/\/preprod.azvitrine.ecdev.fr\/wp-content\/uploads\/2025\/03\/vacances_hotel_france.png\" class=\"attachment-large size-large wp-image-19774\" alt=\"vos vacances en h\u00f4tel en France\" srcset=\"https:\/\/preprod.azvitrine.ecdev.fr\/wp-content\/uploads\/2025\/03\/vacances_hotel_france.png 500w, https:\/\/preprod.azvitrine.ecdev.fr\/wp-content\/uploads\/2025\/03\/vacances_hotel_france-300x300.png 300w, https:\/\/preprod.azvitrine.ecdev.fr\/wp-content\/uploads\/2025\/03\/vacances_hotel_france-150x150.png 150w\" sizes=\"auto, (max-width: 500px) 100vw, 500px\" loading=\"lazy\" \/>\t\t\t\t\t\t\t\t\t\t\t\t\t\t\t<\/div>\n\t\t\t\t<\/div>\n\t\t\t\t<div class=\"elementor-element elementor-element-0087e38 elementor-widget elementor-widget-text-editor\" data-id=\"0087e38\" data-element_type=\"widget\" data-widget_type=\"text-editor.default\">\n\t\t\t\t<div class=\"elementor-widget-container\">\n\t\t\t\t\t\t\t\t\t<p style=\"text-align: center;\"><strong>H\u00f4tels<\/strong><\/p>\t\t\t\t\t\t\t\t<\/div>\n\t\t\t\t<\/div>\n\t\t\t\t<\/a>\n\t\t\t\t\t<\/div>\n\t\t\t\t<\/div>\n\t\t<div class=\"elementor-element elementor-element-4d2298c e-flex e-con-boxed e-con e-parent\" data-id=\"4d2298c\" data-element_type=\"container\" data-settings=\"{&quot;jet_parallax_layout_list&quot;:[]}\">\n\t\t\t\t\t<div class=\"e-con-inner\">\n\t\t\t\t<div class=\"elementor-element elementor-element-59b61bb elementor-widget elementor-widget-spacer\" data-id=\"59b61bb\" data-element_type=\"widget\" data-widget_type=\"spacer.default\">\n\t\t\t\t<div class=\"elementor-widget-container\">\n\t\t\t\t\t\t\t<div class=\"elementor-spacer\">\n\t\t\t<div class=\"elementor-spacer-inner\"><\/div>\n\t\t<\/div>\n\t\t\t\t\t\t<\/div>\n\t\t\t\t<\/div>\n\t\t\t\t\t<\/div>\n\t\t\t\t<\/div>\n\t\t\t\t<\/div>\n\t\t","protected":false},"excerpt":{"rendered":"<p>Nos h\u00e9bergements de vacances Choisissez l&#8217;h\u00e9bergement qui vous convient Vous r\u00eavez de vacances plac\u00e9es sous le signe de la d\u00e9couverte et de la convivialit\u00e9\u202f? Chez Azureva, nous avons \u00e0 c\u0153ur de vous offrir des h\u00e9bergements qui r\u00e9pondent \u00e0 toutes vos envies\u202f: villages vacances, r\u00e9sidences de vacances, campings ou h\u00f4tels\u2026 Il y en a pour tous [&hellip;]<\/p>\n","protected":false},"author":4,"featured_media":0,"parent":0,"menu_order":0,"comment_status":"closed","ping_status":"closed","template":"full-width.php","meta":{"_acf_changed":false,"footnotes":""},"class_list":["post-19747","page","type-page","status-publish","hentry"],"acf":[],"yoast_head":"<!-- This site is optimized with the Yoast SEO plugin v25.5 - https:\/\/yoast.com\/wordpress\/plugins\/seo\/ -->\n<title>D\u00e9couvrez tous nos types d&#039;h\u00e9bergements - Azureva Vacances<\/title>\n<meta name=\"description\" content=\"Pour vos prochaines vacances, choisissez entre des villages vacances, des r\u00e9sidences avec appartements, des campings ou encore des h\u00f4tels.\" \/>\n<meta name=\"robots\" content=\"index, follow, max-snippet:-1, max-image-preview:large, max-video-preview:-1\" \/>\n<link rel=\"canonical\" href=\"https:\/\/preprod.azvitrine.ecdev.fr\/fr\/hebergements\/\" \/>\n<meta property=\"og:locale\" content=\"fr_FR\" \/>\n<meta property=\"og:type\" content=\"article\" \/>\n<meta property=\"og:title\" content=\"D\u00e9couvrez tous nos types d&#039;h\u00e9bergements - Azureva Vacances\" \/>\n<meta property=\"og:description\" content=\"Pour vos prochaines vacances, choisissez entre des villages vacances, des r\u00e9sidences avec appartements, des campings ou encore des h\u00f4tels.\" \/>\n<meta property=\"og:url\" content=\"https:\/\/preprod.azvitrine.ecdev.fr\/fr\/hebergements\/\" \/>\n<meta property=\"og:site_name\" content=\"Azureva Vacances\" \/>\n<meta property=\"article:publisher\" content=\"https:\/\/www.facebook.com\/AzurevaVacances\/\" \/>\n<meta property=\"article:modified_time\" content=\"2025-07-29T08:53:21+00:00\" \/>\n<meta property=\"og:image\" content=\"https:\/\/www.azureva-vacances.com\/wp-content\/uploads\/2025\/03\/village-vacances-longeville-sur-mer-azureva-vendee-vue-aerienne-1-1.jpg\" \/>\n<meta name=\"twitter:card\" content=\"summary_large_image\" \/>\n<meta name=\"twitter:label1\" content=\"Est. reading time\" \/>\n\t<meta name=\"twitter:data1\" content=\"3 minutes\" \/>\n<script type=\"application\/ld+json\" class=\"yoast-schema-graph\">{\"@context\":\"https:\/\/schema.org\",\"@graph\":[{\"@type\":\"WebPage\",\"@id\":\"https:\/\/preprod.azvitrine.ecdev.fr\/fr\/hebergements\/\",\"url\":\"https:\/\/preprod.azvitrine.ecdev.fr\/fr\/hebergements\/\",\"name\":\"D\u00e9couvrez tous nos types d'h\u00e9bergements - Azureva Vacances\",\"isPartOf\":{\"@id\":\"https:\/\/preprod.azvitrine.ecdev.fr\/fr\/#website\"},\"primaryImageOfPage\":{\"@id\":\"https:\/\/preprod.azvitrine.ecdev.fr\/fr\/hebergements\/#primaryimage\"},\"image\":{\"@id\":\"https:\/\/preprod.azvitrine.ecdev.fr\/fr\/hebergements\/#primaryimage\"},\"thumbnailUrl\":\"https:\/\/www.azureva-vacances.com\/wp-content\/uploads\/2025\/03\/village-vacances-longeville-sur-mer-azureva-vendee-vue-aerienne-1-1.jpg\",\"datePublished\":\"2025-03-26T14:08:07+00:00\",\"dateModified\":\"2025-07-29T08:53:21+00:00\",\"description\":\"Pour vos prochaines vacances, choisissez entre des villages vacances, des r\u00e9sidences avec appartements, des campings ou encore des h\u00f4tels.\",\"breadcrumb\":{\"@id\":\"https:\/\/preprod.azvitrine.ecdev.fr\/fr\/hebergements\/#breadcrumb\"},\"inLanguage\":\"fr\",\"potentialAction\":[{\"@type\":\"ReadAction\",\"target\":[\"https:\/\/preprod.azvitrine.ecdev.fr\/fr\/hebergements\/\"]}]},{\"@type\":\"ImageObject\",\"inLanguage\":\"fr\",\"@id\":\"https:\/\/preprod.azvitrine.ecdev.fr\/fr\/hebergements\/#primaryimage\",\"url\":\"https:\/\/www.azureva-vacances.com\/wp-content\/uploads\/2025\/03\/village-vacances-longeville-sur-mer-azureva-vendee-vue-aerienne-1-1.jpg\",\"contentUrl\":\"https:\/\/www.azureva-vacances.com\/wp-content\/uploads\/2025\/03\/village-vacances-longeville-sur-mer-azureva-vendee-vue-aerienne-1-1.jpg\"},{\"@type\":\"BreadcrumbList\",\"@id\":\"https:\/\/preprod.azvitrine.ecdev.fr\/fr\/hebergements\/#breadcrumb\",\"itemListElement\":[{\"@type\":\"ListItem\",\"position\":1,\"name\":\"Accueil\",\"item\":\"https:\/\/preprod.azvitrine.ecdev.fr\/fr\/\"},{\"@type\":\"ListItem\",\"position\":2,\"name\":\"H\u00e9bergements\"}]},{\"@type\":\"WebSite\",\"@id\":\"https:\/\/preprod.azvitrine.ecdev.fr\/fr\/#website\",\"url\":\"https:\/\/preprod.azvitrine.ecdev.fr\/fr\/\",\"name\":\"Azureva Vacances\",\"description\":\"\",\"publisher\":{\"@id\":\"https:\/\/preprod.azvitrine.ecdev.fr\/fr\/#organization\"},\"potentialAction\":[{\"@type\":\"SearchAction\",\"target\":{\"@type\":\"EntryPoint\",\"urlTemplate\":\"https:\/\/preprod.azvitrine.ecdev.fr\/fr\/?s={search_term_string}\"},\"query-input\":{\"@type\":\"PropertyValueSpecification\",\"valueRequired\":true,\"valueName\":\"search_term_string\"}}],\"inLanguage\":\"fr\"},{\"@type\":\"Organization\",\"@id\":\"https:\/\/preprod.azvitrine.ecdev.fr\/fr\/#organization\",\"name\":\"Azureva Vacances\",\"url\":\"https:\/\/preprod.azvitrine.ecdev.fr\/fr\/\",\"logo\":{\"@type\":\"ImageObject\",\"inLanguage\":\"fr\",\"@id\":\"https:\/\/preprod.azvitrine.ecdev.fr\/fr\/#\/schema\/logo\/image\/\",\"url\":\"https:\/\/preprod.azvitrine.ecdev.fr\/wp-content\/uploads\/2025\/01\/logo.svg\",\"contentUrl\":\"https:\/\/preprod.azvitrine.ecdev.fr\/wp-content\/uploads\/2025\/01\/logo.svg\",\"width\":343.847,\"height\":78.844,\"caption\":\"Azureva Vacances\"},\"image\":{\"@id\":\"https:\/\/preprod.azvitrine.ecdev.fr\/fr\/#\/schema\/logo\/image\/\"},\"sameAs\":[\"https:\/\/www.facebook.com\/AzurevaVacances\/\",\"https:\/\/www.instagram.com\/azurevavacances\/\",\"https:\/\/www.tiktok.com\/@azureva_vacances\",\"https:\/\/www.youtube.com\/user\/vacancesazureva\",\"https:\/\/www.linkedin.com\/company\/azureva\/mycompany\/\"]}]}<\/script>\n<!-- \/ Yoast SEO plugin. -->","yoast_head_json":{"title":"D\u00e9couvrez tous nos types d'h\u00e9bergements - Azureva Vacances","description":"Pour vos prochaines vacances, choisissez entre des villages vacances, des r\u00e9sidences avec appartements, des campings ou encore des h\u00f4tels.","robots":{"index":"index","follow":"follow","max-snippet":"max-snippet:-1","max-image-preview":"max-image-preview:large","max-video-preview":"max-video-preview:-1"},"canonical":"https:\/\/preprod.azvitrine.ecdev.fr\/fr\/hebergements\/","og_locale":"fr_FR","og_type":"article","og_title":"D\u00e9couvrez tous nos types d'h\u00e9bergements - Azureva Vacances","og_description":"Pour vos prochaines vacances, choisissez entre des villages vacances, des r\u00e9sidences avec appartements, des campings ou encore des h\u00f4tels.","og_url":"https:\/\/preprod.azvitrine.ecdev.fr\/fr\/hebergements\/","og_site_name":"Azureva Vacances","article_publisher":"https:\/\/www.facebook.com\/AzurevaVacances\/","article_modified_time":"2025-07-29T08:53:21+00:00","og_image":[{"url":"https:\/\/www.azureva-vacances.com\/wp-content\/uploads\/2025\/03\/village-vacances-longeville-sur-mer-azureva-vendee-vue-aerienne-1-1.jpg","type":"","width":"","height":""}],"twitter_card":"summary_large_image","twitter_misc":{"Est. reading time":"3 minutes"},"schema":{"@context":"https:\/\/schema.org","@graph":[{"@type":"WebPage","@id":"https:\/\/preprod.azvitrine.ecdev.fr\/fr\/hebergements\/","url":"https:\/\/preprod.azvitrine.ecdev.fr\/fr\/hebergements\/","name":"D\u00e9couvrez tous nos types d'h\u00e9bergements - Azureva Vacances","isPartOf":{"@id":"https:\/\/preprod.azvitrine.ecdev.fr\/fr\/#website"},"primaryImageOfPage":{"@id":"https:\/\/preprod.azvitrine.ecdev.fr\/fr\/hebergements\/#primaryimage"},"image":{"@id":"https:\/\/preprod.azvitrine.ecdev.fr\/fr\/hebergements\/#primaryimage"},"thumbnailUrl":"https:\/\/www.azureva-vacances.com\/wp-content\/uploads\/2025\/03\/village-vacances-longeville-sur-mer-azureva-vendee-vue-aerienne-1-1.jpg","datePublished":"2025-03-26T14:08:07+00:00","dateModified":"2025-07-29T08:53:21+00:00","description":"Pour vos prochaines vacances, choisissez entre des villages vacances, des r\u00e9sidences avec appartements, des campings ou encore des h\u00f4tels.","breadcrumb":{"@id":"https:\/\/preprod.azvitrine.ecdev.fr\/fr\/hebergements\/#breadcrumb"},"inLanguage":"fr","potentialAction":[{"@type":"ReadAction","target":["https:\/\/preprod.azvitrine.ecdev.fr\/fr\/hebergements\/"]}]},{"@type":"ImageObject","inLanguage":"fr","@id":"https:\/\/preprod.azvitrine.ecdev.fr\/fr\/hebergements\/#primaryimage","url":"https:\/\/www.azureva-vacances.com\/wp-content\/uploads\/2025\/03\/village-vacances-longeville-sur-mer-azureva-vendee-vue-aerienne-1-1.jpg","contentUrl":"https:\/\/www.azureva-vacances.com\/wp-content\/uploads\/2025\/03\/village-vacances-longeville-sur-mer-azureva-vendee-vue-aerienne-1-1.jpg"},{"@type":"BreadcrumbList","@id":"https:\/\/preprod.azvitrine.ecdev.fr\/fr\/hebergements\/#breadcrumb","itemListElement":[{"@type":"ListItem","position":1,"name":"Accueil","item":"https:\/\/preprod.azvitrine.ecdev.fr\/fr\/"},{"@type":"ListItem","position":2,"name":"H\u00e9bergements"}]},{"@type":"WebSite","@id":"https:\/\/preprod.azvitrine.ecdev.fr\/fr\/#website","url":"https:\/\/preprod.azvitrine.ecdev.fr\/fr\/","name":"Azureva Vacances","description":"","publisher":{"@id":"https:\/\/preprod.azvitrine.ecdev.fr\/fr\/#organization"},"potentialAction":[{"@type":"SearchAction","target":{"@type":"EntryPoint","urlTemplate":"https:\/\/preprod.azvitrine.ecdev.fr\/fr\/?s={search_term_string}"},"query-input":{"@type":"PropertyValueSpecification","valueRequired":true,"valueName":"search_term_string"}}],"inLanguage":"fr"},{"@type":"Organization","@id":"https:\/\/preprod.azvitrine.ecdev.fr\/fr\/#organization","name":"Azureva Vacances","url":"https:\/\/preprod.azvitrine.ecdev.fr\/fr\/","logo":{"@type":"ImageObject","inLanguage":"fr","@id":"https:\/\/preprod.azvitrine.ecdev.fr\/fr\/#\/schema\/logo\/image\/","url":"https:\/\/preprod.azvitrine.ecdev.fr\/wp-content\/uploads\/2025\/01\/logo.svg","contentUrl":"https:\/\/preprod.azvitrine.ecdev.fr\/wp-content\/uploads\/2025\/01\/logo.svg","width":343.847,"height":78.844,"caption":"Azureva Vacances"},"image":{"@id":"https:\/\/preprod.azvitrine.ecdev.fr\/fr\/#\/schema\/logo\/image\/"},"sameAs":["https:\/\/www.facebook.com\/AzurevaVacances\/","https:\/\/www.instagram.com\/azurevavacances\/","https:\/\/www.tiktok.com\/@azureva_vacances","https:\/\/www.youtube.com\/user\/vacancesazureva","https:\/\/www.linkedin.com\/company\/azureva\/mycompany\/"]}]}},"_links":{"self":[{"href":"https:\/\/preprod.azvitrine.ecdev.fr\/fr\/wp-json\/wp\/v2\/pages\/19747","targetHints":{"allow":["GET"]}}],"collection":[{"href":"https:\/\/preprod.azvitrine.ecdev.fr\/fr\/wp-json\/wp\/v2\/pages"}],"about":[{"href":"https:\/\/preprod.azvitrine.ecdev.fr\/fr\/wp-json\/wp\/v2\/types\/page"}],"author":[{"embeddable":true,"href":"https:\/\/preprod.azvitrine.ecdev.fr\/fr\/wp-json\/wp\/v2\/users\/4"}],"replies":[{"embeddable":true,"href":"https:\/\/preprod.azvitrine.ecdev.fr\/fr\/wp-json\/wp\/v2\/comments?post=19747"}],"version-history":[{"count":0,"href":"https:\/\/preprod.azvitrine.ecdev.fr\/fr\/wp-json\/wp\/v2\/pages\/19747\/revisions"}],"wp:attachment":[{"href":"https:\/\/preprod.azvitrine.ecdev.fr\/fr\/wp-json\/wp\/v2\/media?parent=19747"}],"curies":[{"name":"wp","href":"https:\/\/api.w.org\/{rel}","templated":true}]}}