{"id":16254,"date":"2025-03-04T12:12:32","date_gmt":"2025-03-04T11:12:32","guid":{"rendered":"https:\/\/azvitrine.ecdev.fr\/?page_id=16254"},"modified":"2025-09-09T18:02:07","modified_gmt":"2025-09-09T16:02:07","slug":"sejour-groupe","status":"publish","type":"page","link":"https:\/\/preprod.azvitrine.ecdev.fr\/fr\/sejour-groupe\/","title":{"rendered":"S\u00e9jour en groupe"},"content":{"rendered":"\t\t<div data-elementor-type=\"wp-page\" data-elementor-id=\"16254\" class=\"elementor elementor-16254\" data-elementor-post-type=\"page\">\n\t\t\t\t<div class=\"elementor-element elementor-element-6198dd5 e-flex e-con-boxed e-con e-parent\" data-id=\"6198dd5\" data-element_type=\"container\" data-settings=\"{&quot;jet_parallax_layout_list&quot;:[]}\">\n\t\t\t\t\t<div class=\"e-con-inner\">\n\t\t<div class=\"elementor-element elementor-element-e3d22d3 e-con-full e-flex e-con e-child\" data-id=\"e3d22d3\" data-element_type=\"container\" data-settings=\"{&quot;jet_parallax_layout_list&quot;:[]}\">\n\t\t\t\t<div class=\"elementor-element elementor-element-2b64690 elementor-widget elementor-widget-image\" data-id=\"2b64690\" data-element_type=\"widget\" data-widget_type=\"image.default\">\n\t\t\t\t<div class=\"elementor-widget-container\">\n\t\t\t\t\t\t\t\t\t\t\t\t\t\t\t<img loading=\"lazy\" decoding=\"async\" width=\"820\" height=\"547\" src=\"https:\/\/preprod.azvitrine.ecdev.fr\/wp-content\/uploads\/2025\/03\/sejour-en-groupe.jpg\" class=\"attachment-large size-large wp-image-16281\" alt=\"S\u00e9jour en groupe\" srcset=\"https:\/\/preprod.azvitrine.ecdev.fr\/wp-content\/uploads\/2025\/03\/sejour-en-groupe.jpg 820w, https:\/\/preprod.azvitrine.ecdev.fr\/wp-content\/uploads\/2025\/03\/sejour-en-groupe-300x200.jpg 300w, https:\/\/preprod.azvitrine.ecdev.fr\/wp-content\/uploads\/2025\/03\/sejour-en-groupe-768x512.jpg 768w\" sizes=\"auto, (max-width: 820px) 100vw, 820px\" loading=\"lazy\" \/>\t\t\t\t\t\t\t\t\t\t\t\t\t\t\t<\/div>\n\t\t\t\t<\/div>\n\t\t\t\t<\/div>\n\t\t<div class=\"elementor-element elementor-element-a98c6d0 e-con-full e-flex e-con e-child\" data-id=\"a98c6d0\" data-element_type=\"container\" data-settings=\"{&quot;jet_parallax_layout_list&quot;:[]}\">\n\t\t\t\t<div class=\"elementor-element elementor-element-9dcfa2a elementor-widget elementor-widget-heading\" data-id=\"9dcfa2a\" data-element_type=\"widget\" data-widget_type=\"heading.default\">\n\t\t\t\t<div class=\"elementor-widget-container\">\n\t\t\t\t\t<h1 class=\"elementor-heading-title elementor-size-default\">Pourquoi devriez-vous organiser un s\u00e9jour en groupe\u00a0 ?<\/h1>\t\t\t\t<\/div>\n\t\t\t\t<\/div>\n\t\t\t\t<\/div>\n\t\t\t\t\t<\/div>\n\t\t\t\t<\/div>\n\t\t<div class=\"elementor-element elementor-element-05fd91c e-flex e-con-boxed e-con e-parent\" data-id=\"05fd91c\" data-element_type=\"container\" data-settings=\"{&quot;jet_parallax_layout_list&quot;:[]}\">\n\t\t\t\t\t<div class=\"e-con-inner\">\n\t\t\t\t<div class=\"elementor-element elementor-element-7711ddf elementor-widget elementor-widget-text-editor\" data-id=\"7711ddf\" data-element_type=\"widget\" data-widget_type=\"text-editor.default\">\n\t\t\t\t<div class=\"elementor-widget-container\">\n\t\t\t\t\t\t\t\t\t<h2 class=\"rich-text-title-3\">Azureva vacances : pour un s\u00e9jour de groupe en clubs ou r\u00e9sidences de vacances<\/h2><p>Sp\u00e9cialis\u00e9 dans les vacances sur mesure, le groupe Azureva vous propose une trentaine de destinations pour un agr\u00e9able s\u00e9jour en groupe pendant vos vacances au bord de la mer, \u00e0 l\u2019oc\u00e9an, \u00e0 la neige, \u00e0 la campagne ou \u00e0 la montagne.\u00a0Nous mettons \u00e0 votre disposition une \u00e9quipe pour vous conseiller et vous orienter dans le choix et la composition de votre s\u00e9jour de groupe. Nous vous proposons 3 formules de s\u00e9jours en groupe s\u2019adaptant \u00e0 vos besoins.<\/p><p>Afin d\u2019optimiser votre\u00a0s\u00e9jour\u00a0chez nous, votre\u00a0groupe\u00a0sera encadr\u00e9 par une \u00e9quipe d\u2019animation durant toute la p\u00e9riode de vos vacances. Pendant votre s\u00e9jour en groupe, vous pourrez b\u00e9n\u00e9ficier des \u00e9quipements et animations suivants:<\/p><ul><li>Des \u00e9quipements de loisirs : piscine, sauna, hammam, terrain de tennis\u2026<\/li><li>Des animations pendant la journ\u00e9e : aquagym, randonn\u00e9es, ballades, tournois sportifs\u2026<\/li><li>Des spectacles et des animations pendant la soir\u00e9e : karaok\u00e9, cabaret, danse\u2026<\/li><li>Des installations r\u00e9pondant \u00e0 vos besoins : garage \u00e0 v\u00e9lo s\u00e9curis\u00e9, accompagnement \u00e0 la pr\u00e9paration sportive\u2026<\/li><\/ul>\t\t\t\t\t\t\t\t<\/div>\n\t\t\t\t<\/div>\n\t\t\t\t\t<\/div>\n\t\t\t\t<\/div>\n\t\t<div class=\"elementor-element elementor-element-b13c9a4 e-con-full e-flex e-con e-parent\" data-id=\"b13c9a4\" data-element_type=\"container\" data-settings=\"{&quot;jet_parallax_layout_list&quot;:[]}\">\n\t\t\t\t<div class=\"elementor-element elementor-element-47bb54a elementor-widget elementor-widget-image\" data-id=\"47bb54a\" data-element_type=\"widget\" data-widget_type=\"image.default\">\n\t\t\t\t<div class=\"elementor-widget-container\">\n\t\t\t\t\t\t\t\t\t\t\t\t\t\t\t<img loading=\"lazy\" decoding=\"async\" width=\"1000\" height=\"634\" src=\"https:\/\/preprod.azvitrine.ecdev.fr\/wp-content\/uploads\/2025\/08\/randonnee-vtt-groupe-montagne-alpes.jpg\" class=\"attachment-large size-large wp-image-38864\" alt=\"\" srcset=\"https:\/\/preprod.azvitrine.ecdev.fr\/wp-content\/uploads\/2025\/08\/randonnee-vtt-groupe-montagne-alpes.jpg 1000w, https:\/\/preprod.azvitrine.ecdev.fr\/wp-content\/uploads\/2025\/08\/randonnee-vtt-groupe-montagne-alpes-300x190.jpg 300w, https:\/\/preprod.azvitrine.ecdev.fr\/wp-content\/uploads\/2025\/08\/randonnee-vtt-groupe-montagne-alpes-768x487.jpg 768w\" sizes=\"auto, (max-width: 1000px) 100vw, 1000px\" loading=\"lazy\" \/>\t\t\t\t\t\t\t\t\t\t\t\t\t\t\t<\/div>\n\t\t\t\t<\/div>\n\t\t\t\t<\/div>\n\t\t<div class=\"elementor-element elementor-element-231ec99 e-flex e-con-boxed e-con e-parent\" data-id=\"231ec99\" data-element_type=\"container\" data-settings=\"{&quot;jet_parallax_layout_list&quot;:[]}\">\n\t\t\t\t\t<div class=\"e-con-inner\">\n\t\t\t\t<div class=\"elementor-element elementor-element-0678af8 elementor-widget elementor-widget-text-editor\" data-id=\"0678af8\" data-element_type=\"widget\" data-widget_type=\"text-editor.default\">\n\t\t\t\t<div class=\"elementor-widget-container\">\n\t\t\t\t\t\t\t\t\t<h2 class=\"rich-text-title-3\">Des s\u00e9jours sur-mesure<\/h2><h3><strong><span style=\"color: #00ccff;\">Le VILLAGE VACANCES<\/span><\/strong><\/h3><p>\u2022 LOGEMENT &#8211; Un large choix de chambres confortables<br \/>pouvant accueillir de 1 \u00e0 7 personnes.<br \/>\u2022 RESTAURATION &#8211; Des repas adapt\u00e9s \u00e0 vos envies et sp\u00e9cificit\u00e9s alimentaires.<br \/>\u2022 SPORT &amp; BIEN-\u00caTRE &#8211; Des \u00e9quipements pour se maintenir en forme ou se d\u00e9tendre (piscine, salle de fitness, terrain de p\u00e9tanque, mini-golf, spa\u2026).<br \/>\u2022 ANIMATION &#8211; Des randonn\u00e9es, ateliers cr\u00e9atifs, visites culturelles\u2026 Nous vous proposons des activit\u00e9s adapt\u00e9es \u00e0 tous les groupes.<br \/>\u2022 HORAIRES &#8211; La possibilit\u00e9 d\u2019arriver plus t\u00f4t le 1er jour et de repartir plus tard le dernier jour de votre s\u00e9jour.<br \/>\u2022 ESPACES DE R\u00c9CEPTION &#8211; Des salles am\u00e9nag\u00e9es et \u00e9quip\u00e9es pour accueillir des petits ou des grands groupes pour travailler<br \/>ou passer un moment festif.<\/p><h3><strong><span style=\"color: #00ccff;\">Des PARTENARIATS<\/span><\/strong><\/h3><p>Des conditions avantageuses sur des visites et excursions,<br \/>l\u2019organisation d\u2019animations dans nos \u00e9tablissements ou en<br \/>dehors et le mat\u00e9riel de ski.<\/p><h3><span style=\"color: #00ccff;\"><strong>Le TRANSPORT<\/strong><\/span><\/h3><p>Des transferts organis\u00e9s depuis une gare ou un a\u00e9roport jusqu\u2019\u00e0 notre \u00e9tablissement<\/p>\t\t\t\t\t\t\t\t<\/div>\n\t\t\t\t<\/div>\n\t\t\t\t\t<\/div>\n\t\t\t\t<\/div>\n\t\t<div class=\"elementor-element elementor-element-0ac4dc3 e-con-full e-flex e-con e-parent\" data-id=\"0ac4dc3\" data-element_type=\"container\" data-settings=\"{&quot;jet_parallax_layout_list&quot;:[]}\">\n\t\t\t\t<div class=\"elementor-element elementor-element-0fa0354 elementor-widget elementor-widget-image\" data-id=\"0fa0354\" data-element_type=\"widget\" data-widget_type=\"image.default\">\n\t\t\t\t<div class=\"elementor-widget-container\">\n\t\t\t\t\t\t\t\t\t\t\t\t\t\t\t<img loading=\"lazy\" decoding=\"async\" width=\"1000\" height=\"667\" src=\"https:\/\/preprod.azvitrine.ecdev.fr\/wp-content\/uploads\/2025\/08\/groupe-amis-randonnee-ete-nature.jpg\" class=\"attachment-large size-large wp-image-38852\" alt=\"\" srcset=\"https:\/\/preprod.azvitrine.ecdev.fr\/wp-content\/uploads\/2025\/08\/groupe-amis-randonnee-ete-nature.jpg 1000w, https:\/\/preprod.azvitrine.ecdev.fr\/wp-content\/uploads\/2025\/08\/groupe-amis-randonnee-ete-nature-300x200.jpg 300w, https:\/\/preprod.azvitrine.ecdev.fr\/wp-content\/uploads\/2025\/08\/groupe-amis-randonnee-ete-nature-768x512.jpg 768w\" sizes=\"auto, (max-width: 1000px) 100vw, 1000px\" loading=\"lazy\" \/>\t\t\t\t\t\t\t\t\t\t\t\t\t\t\t<\/div>\n\t\t\t\t<\/div>\n\t\t\t\t<\/div>\n\t\t<div class=\"elementor-element elementor-element-ee5ffb3 e-flex e-con-boxed e-con e-parent\" data-id=\"ee5ffb3\" data-element_type=\"container\" data-settings=\"{&quot;jet_parallax_layout_list&quot;:[]}\">\n\t\t\t\t\t<div class=\"e-con-inner\">\n\t\t\t\t<div class=\"elementor-element elementor-element-475e72f elementor-widget elementor-widget-text-editor\" data-id=\"475e72f\" data-element_type=\"widget\" data-widget_type=\"text-editor.default\">\n\t\t\t\t<div class=\"elementor-widget-container\">\n\t\t\t\t\t\t\t\t\t<h2 class=\"rich-text-title-3\">Nos avantages exclusifs<\/h2>\n<h3><span style=\"color: #f93c64;\"><strong>Des TARIFS GROUPES<\/strong><\/span><\/h3>\n<p>Toute l\u2019ann\u00e9e, \u00e0 partir de 10 adultes payants.<\/p>\n<h3><strong><span style=\"color: #f93c64;\">Des GRATUIT\u00c9S<\/span><\/strong><\/h3>\n<p>\u2022 1 GRATUIT\u00c9 par tranche de 20 adultes payants valable sur le 21\u00e8me s\u00e9journant.<br>\u2022 1 GRATUIT\u00c9 valable pour un chauffeur par autocar (hors prestations compl\u00e9mentaires).<\/p>\n<h3><strong><span style=\"color: #f93c64;\">Une INVITATION 2 jours\/1 nuit<\/span><\/strong><\/h3>\n<p>Lorsque votre s\u00e9jour est r\u00e9serv\u00e9, Azureva invite 2 membres de l\u2019organisation \u00e0 venir visiter les lieux et \u00e0 rencontrer nos \u00e9quipes.<\/p>\n<h3><strong><span style=\"color: #f93c64;\">Un PROGRAMME FID\u00c9LIT\u00c9*<\/span><\/strong><\/h3>\n<p>Sp\u00e9cialement pour vous, jusqu\u2019\u00e0 300 \u20ac de remise sur votre prochain s\u00e9jour Azureva ! Remise valable sur un s\u00e9jour de 4 nuits ou plus pour un groupe de 10 adultes minimum**.<\/p>\n<p><em>*Offre accessible \u00e0 tous groupes, agences de voyages et autocaristes. Les s\u00e9minaires, congr\u00e8s, assembl\u00e9es g\u00e9n\u00e9rales et<\/em><br><em>\u00e9v\u00e9nements ne b\u00e9n\u00e9ficient pas du programme fid\u00e9lit\u00e9 Groupes Azureva. **Remises soumises \u00e0 conditions.<\/em><\/p>\t\t\t\t\t\t\t\t<\/div>\n\t\t\t\t<\/div>\n\t\t\t\t\t<\/div>\n\t\t\t\t<\/div>\n\t\t<div class=\"elementor-element elementor-element-5ee2b23 e-flex e-con-boxed e-con e-parent\" data-id=\"5ee2b23\" data-element_type=\"container\" data-settings=\"{&quot;jet_parallax_layout_list&quot;:[]}\">\n\t\t\t\t\t<div class=\"e-con-inner\">\n\t\t\t\t<div class=\"elementor-element elementor-element-a3fc251 elementor-widget elementor-widget-text-editor\" data-id=\"a3fc251\" data-element_type=\"widget\" data-widget_type=\"text-editor.default\">\n\t\t\t\t<div class=\"elementor-widget-container\">\n\t\t\t\t\t\t\t\t\t<p style=\"text-align: center;\">Pour plus de renseignement vous pouvez nous contacter au : <a href=\"tel:0484312312\"><strong>04 84 312 312\u00a0<\/strong><\/a> <br \/>ou par email : <a href=\"mailto:groupes@azureva-vacances.com\"><strong>groupes@azureva-vacances.com<\/strong><\/a><\/p>\t\t\t\t\t\t\t\t<\/div>\n\t\t\t\t<\/div>\n\t\t\t\t\t<\/div>\n\t\t\t\t<\/div>\n\t\t<div class=\"elementor-element elementor-element-a1eb72b e-flex e-con-boxed e-con e-parent\" data-id=\"a1eb72b\" data-element_type=\"container\" data-settings=\"{&quot;jet_parallax_layout_list&quot;:[]}\">\n\t\t\t\t\t<div class=\"e-con-inner\">\n\t\t\t\t<div class=\"elementor-element elementor-element-c8302b0 elementor-widget elementor-widget-image\" data-id=\"c8302b0\" data-element_type=\"widget\" data-widget_type=\"image.default\">\n\t\t\t\t<div class=\"elementor-widget-container\">\n\t\t\t\t\t\t\t\t\t\t\t\t\t\t\t<img loading=\"lazy\" decoding=\"async\" width=\"1000\" height=\"797\" src=\"https:\/\/preprod.azvitrine.ecdev.fr\/wp-content\/uploads\/2025\/08\/groupe-raquette-neige-randonnee-hiver.jpg\" class=\"attachment-large size-large wp-image-38858\" alt=\"\" srcset=\"https:\/\/preprod.azvitrine.ecdev.fr\/wp-content\/uploads\/2025\/08\/groupe-raquette-neige-randonnee-hiver.jpg 1000w, https:\/\/preprod.azvitrine.ecdev.fr\/wp-content\/uploads\/2025\/08\/groupe-raquette-neige-randonnee-hiver-300x239.jpg 300w, https:\/\/preprod.azvitrine.ecdev.fr\/wp-content\/uploads\/2025\/08\/groupe-raquette-neige-randonnee-hiver-768x612.jpg 768w\" sizes=\"auto, (max-width: 1000px) 100vw, 1000px\" loading=\"lazy\" \/>\t\t\t\t\t\t\t\t\t\t\t\t\t\t\t<\/div>\n\t\t\t\t<\/div>\n\t\t\t\t\t<\/div>\n\t\t\t\t<\/div>\n\t\t<div class=\"elementor-element elementor-element-120c9b0 e-flex e-con-boxed e-con e-parent\" data-id=\"120c9b0\" data-element_type=\"container\" data-settings=\"{&quot;jet_parallax_layout_list&quot;:[]}\">\n\t\t\t\t\t<div class=\"e-con-inner\">\n\t\t\t\t<div class=\"elementor-element elementor-element-e4c02cf elementor-widget elementor-widget-spacer\" data-id=\"e4c02cf\" data-element_type=\"widget\" data-widget_type=\"spacer.default\">\n\t\t\t\t<div class=\"elementor-widget-container\">\n\t\t\t\t\t\t\t<div class=\"elementor-spacer\">\n\t\t\t<div class=\"elementor-spacer-inner\"><\/div>\n\t\t<\/div>\n\t\t\t\t\t\t<\/div>\n\t\t\t\t<\/div>\n\t\t\t\t\t<\/div>\n\t\t\t\t<\/div>\n\t\t<div class=\"elementor-element elementor-element-1d59b8a e-flex e-con-boxed e-con e-parent\" data-id=\"1d59b8a\" data-element_type=\"container\" data-settings=\"{&quot;jet_parallax_layout_list&quot;:[]}\">\n\t\t\t\t\t<div class=\"e-con-inner\">\n\t\t\t\t<div class=\"elementor-element elementor-element-10a333c elementor-widget elementor-widget-text-editor\" data-id=\"10a333c\" data-element_type=\"widget\" data-widget_type=\"text-editor.default\">\n\t\t\t\t<div class=\"elementor-widget-container\">\n\t\t\t\t\t\t\t\t\t<h3>Nos autres articles sur les s\u00e9jours en groupe :<\/h3><ul><li><a href=\"https:\/\/www.azureva-vacances.com\/fr\/sejour-groupe\/\">Location de vacances pour les groupes<\/a><\/li><li><a href=\"https:\/\/www.azureva-vacances.com\/fr\/sejour-groupe\/hebergement-groupe-scolaire\/\">H\u00e9bergement groupe scolaire<\/a><\/li><\/ul>\t\t\t\t\t\t\t\t<\/div>\n\t\t\t\t<\/div>\n\t\t\t\t\t<\/div>\n\t\t\t\t<\/div>\n\t\t\t\t<\/div>\n\t\t","protected":false},"excerpt":{"rendered":"<p>Pourquoi devriez-vous organiser un s\u00e9jour en groupe\u00a0 ? Azureva vacances : pour un s\u00e9jour de groupe en clubs ou r\u00e9sidences de vacances Sp\u00e9cialis\u00e9 dans les vacances sur mesure, le groupe Azureva vous propose une trentaine de destinations pour un agr\u00e9able s\u00e9jour en groupe pendant vos vacances au bord de la mer, \u00e0 l\u2019oc\u00e9an, \u00e0 la [&hellip;]<\/p>\n","protected":false},"author":4,"featured_media":0,"parent":0,"menu_order":0,"comment_status":"closed","ping_status":"closed","template":"","meta":{"_acf_changed":false,"footnotes":""},"class_list":["post-16254","page","type-page","status-publish","hentry"],"acf":[],"yoast_head":"<!-- This site is optimized with the Yoast SEO plugin v25.5 - https:\/\/yoast.com\/wordpress\/plugins\/seo\/ -->\n<title>S\u00e9jour en groupe - Azureva Vacances<\/title>\n<meta name=\"description\" content=\"D\u00e9couvrez notre offre s\u00e9jour en groupe en bord de mer, \u00e0 la campagne ou \u00e0 la montagne. Logement en village ou r\u00e9sidence de vacances.\" \/>\n<meta name=\"robots\" content=\"index, follow, max-snippet:-1, max-image-preview:large, max-video-preview:-1\" \/>\n<link rel=\"canonical\" href=\"https:\/\/preprod.azvitrine.ecdev.fr\/fr\/sejour-groupe\/\" \/>\n<meta property=\"og:locale\" content=\"fr_FR\" \/>\n<meta property=\"og:type\" content=\"article\" \/>\n<meta property=\"og:title\" content=\"S\u00e9jour en groupe - Azureva Vacances\" \/>\n<meta property=\"og:description\" content=\"D\u00e9couvrez notre offre s\u00e9jour en groupe en bord de mer, \u00e0 la campagne ou \u00e0 la montagne. Logement en village ou r\u00e9sidence de vacances.\" \/>\n<meta property=\"og:url\" content=\"https:\/\/preprod.azvitrine.ecdev.fr\/fr\/sejour-groupe\/\" \/>\n<meta property=\"og:site_name\" content=\"Azureva Vacances\" \/>\n<meta property=\"article:publisher\" content=\"https:\/\/www.facebook.com\/AzurevaVacances\/\" \/>\n<meta property=\"article:modified_time\" content=\"2025-09-09T16:02:07+00:00\" \/>\n<meta property=\"og:image\" content=\"https:\/\/www.azureva-vacances.com\/wp-content\/uploads\/2025\/03\/sejour-en-groupe.jpg\" \/>\n<meta name=\"twitter:card\" content=\"summary_large_image\" \/>\n<meta name=\"twitter:label1\" content=\"Est. reading time\" \/>\n\t<meta name=\"twitter:data1\" content=\"4 minutes\" \/>\n<script type=\"application\/ld+json\" class=\"yoast-schema-graph\">{\"@context\":\"https:\/\/schema.org\",\"@graph\":[{\"@type\":\"WebPage\",\"@id\":\"https:\/\/preprod.azvitrine.ecdev.fr\/fr\/sejour-groupe\/\",\"url\":\"https:\/\/preprod.azvitrine.ecdev.fr\/fr\/sejour-groupe\/\",\"name\":\"S\u00e9jour en groupe - Azureva Vacances\",\"isPartOf\":{\"@id\":\"https:\/\/preprod.azvitrine.ecdev.fr\/fr\/#website\"},\"primaryImageOfPage\":{\"@id\":\"https:\/\/preprod.azvitrine.ecdev.fr\/fr\/sejour-groupe\/#primaryimage\"},\"image\":{\"@id\":\"https:\/\/preprod.azvitrine.ecdev.fr\/fr\/sejour-groupe\/#primaryimage\"},\"thumbnailUrl\":\"https:\/\/www.azureva-vacances.com\/wp-content\/uploads\/2025\/03\/sejour-en-groupe.jpg\",\"datePublished\":\"2025-03-04T11:12:32+00:00\",\"dateModified\":\"2025-09-09T16:02:07+00:00\",\"description\":\"D\u00e9couvrez notre offre s\u00e9jour en groupe en bord de mer, \u00e0 la campagne ou \u00e0 la montagne. Logement en village ou r\u00e9sidence de vacances.\",\"breadcrumb\":{\"@id\":\"https:\/\/preprod.azvitrine.ecdev.fr\/fr\/sejour-groupe\/#breadcrumb\"},\"inLanguage\":\"fr\",\"potentialAction\":[{\"@type\":\"ReadAction\",\"target\":[\"https:\/\/preprod.azvitrine.ecdev.fr\/fr\/sejour-groupe\/\"]}]},{\"@type\":\"ImageObject\",\"inLanguage\":\"fr\",\"@id\":\"https:\/\/preprod.azvitrine.ecdev.fr\/fr\/sejour-groupe\/#primaryimage\",\"url\":\"https:\/\/www.azureva-vacances.com\/wp-content\/uploads\/2025\/03\/sejour-en-groupe.jpg\",\"contentUrl\":\"https:\/\/www.azureva-vacances.com\/wp-content\/uploads\/2025\/03\/sejour-en-groupe.jpg\"},{\"@type\":\"BreadcrumbList\",\"@id\":\"https:\/\/preprod.azvitrine.ecdev.fr\/fr\/sejour-groupe\/#breadcrumb\",\"itemListElement\":[{\"@type\":\"ListItem\",\"position\":1,\"name\":\"Accueil\",\"item\":\"https:\/\/preprod.azvitrine.ecdev.fr\/fr\/\"},{\"@type\":\"ListItem\",\"position\":2,\"name\":\"S\u00e9jour en groupe\"}]},{\"@type\":\"WebSite\",\"@id\":\"https:\/\/preprod.azvitrine.ecdev.fr\/fr\/#website\",\"url\":\"https:\/\/preprod.azvitrine.ecdev.fr\/fr\/\",\"name\":\"Azureva Vacances\",\"description\":\"\",\"publisher\":{\"@id\":\"https:\/\/preprod.azvitrine.ecdev.fr\/fr\/#organization\"},\"potentialAction\":[{\"@type\":\"SearchAction\",\"target\":{\"@type\":\"EntryPoint\",\"urlTemplate\":\"https:\/\/preprod.azvitrine.ecdev.fr\/fr\/?s={search_term_string}\"},\"query-input\":{\"@type\":\"PropertyValueSpecification\",\"valueRequired\":true,\"valueName\":\"search_term_string\"}}],\"inLanguage\":\"fr\"},{\"@type\":\"Organization\",\"@id\":\"https:\/\/preprod.azvitrine.ecdev.fr\/fr\/#organization\",\"name\":\"Azureva Vacances\",\"url\":\"https:\/\/preprod.azvitrine.ecdev.fr\/fr\/\",\"logo\":{\"@type\":\"ImageObject\",\"inLanguage\":\"fr\",\"@id\":\"https:\/\/preprod.azvitrine.ecdev.fr\/fr\/#\/schema\/logo\/image\/\",\"url\":\"https:\/\/preprod.azvitrine.ecdev.fr\/wp-content\/uploads\/2025\/01\/logo.svg\",\"contentUrl\":\"https:\/\/preprod.azvitrine.ecdev.fr\/wp-content\/uploads\/2025\/01\/logo.svg\",\"width\":343.847,\"height\":78.844,\"caption\":\"Azureva Vacances\"},\"image\":{\"@id\":\"https:\/\/preprod.azvitrine.ecdev.fr\/fr\/#\/schema\/logo\/image\/\"},\"sameAs\":[\"https:\/\/www.facebook.com\/AzurevaVacances\/\",\"https:\/\/www.instagram.com\/azurevavacances\/\",\"https:\/\/www.tiktok.com\/@azureva_vacances\",\"https:\/\/www.youtube.com\/user\/vacancesazureva\",\"https:\/\/www.linkedin.com\/company\/azureva\/mycompany\/\"]}]}<\/script>\n<!-- \/ Yoast SEO plugin. -->","yoast_head_json":{"title":"S\u00e9jour en groupe - Azureva Vacances","description":"D\u00e9couvrez notre offre s\u00e9jour en groupe en bord de mer, \u00e0 la campagne ou \u00e0 la montagne. Logement en village ou r\u00e9sidence de vacances.","robots":{"index":"index","follow":"follow","max-snippet":"max-snippet:-1","max-image-preview":"max-image-preview:large","max-video-preview":"max-video-preview:-1"},"canonical":"https:\/\/preprod.azvitrine.ecdev.fr\/fr\/sejour-groupe\/","og_locale":"fr_FR","og_type":"article","og_title":"S\u00e9jour en groupe - Azureva Vacances","og_description":"D\u00e9couvrez notre offre s\u00e9jour en groupe en bord de mer, \u00e0 la campagne ou \u00e0 la montagne. Logement en village ou r\u00e9sidence de vacances.","og_url":"https:\/\/preprod.azvitrine.ecdev.fr\/fr\/sejour-groupe\/","og_site_name":"Azureva Vacances","article_publisher":"https:\/\/www.facebook.com\/AzurevaVacances\/","article_modified_time":"2025-09-09T16:02:07+00:00","og_image":[{"url":"https:\/\/www.azureva-vacances.com\/wp-content\/uploads\/2025\/03\/sejour-en-groupe.jpg","type":"","width":"","height":""}],"twitter_card":"summary_large_image","twitter_misc":{"Est. reading time":"4 minutes"},"schema":{"@context":"https:\/\/schema.org","@graph":[{"@type":"WebPage","@id":"https:\/\/preprod.azvitrine.ecdev.fr\/fr\/sejour-groupe\/","url":"https:\/\/preprod.azvitrine.ecdev.fr\/fr\/sejour-groupe\/","name":"S\u00e9jour en groupe - Azureva Vacances","isPartOf":{"@id":"https:\/\/preprod.azvitrine.ecdev.fr\/fr\/#website"},"primaryImageOfPage":{"@id":"https:\/\/preprod.azvitrine.ecdev.fr\/fr\/sejour-groupe\/#primaryimage"},"image":{"@id":"https:\/\/preprod.azvitrine.ecdev.fr\/fr\/sejour-groupe\/#primaryimage"},"thumbnailUrl":"https:\/\/www.azureva-vacances.com\/wp-content\/uploads\/2025\/03\/sejour-en-groupe.jpg","datePublished":"2025-03-04T11:12:32+00:00","dateModified":"2025-09-09T16:02:07+00:00","description":"D\u00e9couvrez notre offre s\u00e9jour en groupe en bord de mer, \u00e0 la campagne ou \u00e0 la montagne. Logement en village ou r\u00e9sidence de vacances.","breadcrumb":{"@id":"https:\/\/preprod.azvitrine.ecdev.fr\/fr\/sejour-groupe\/#breadcrumb"},"inLanguage":"fr","potentialAction":[{"@type":"ReadAction","target":["https:\/\/preprod.azvitrine.ecdev.fr\/fr\/sejour-groupe\/"]}]},{"@type":"ImageObject","inLanguage":"fr","@id":"https:\/\/preprod.azvitrine.ecdev.fr\/fr\/sejour-groupe\/#primaryimage","url":"https:\/\/www.azureva-vacances.com\/wp-content\/uploads\/2025\/03\/sejour-en-groupe.jpg","contentUrl":"https:\/\/www.azureva-vacances.com\/wp-content\/uploads\/2025\/03\/sejour-en-groupe.jpg"},{"@type":"BreadcrumbList","@id":"https:\/\/preprod.azvitrine.ecdev.fr\/fr\/sejour-groupe\/#breadcrumb","itemListElement":[{"@type":"ListItem","position":1,"name":"Accueil","item":"https:\/\/preprod.azvitrine.ecdev.fr\/fr\/"},{"@type":"ListItem","position":2,"name":"S\u00e9jour en groupe"}]},{"@type":"WebSite","@id":"https:\/\/preprod.azvitrine.ecdev.fr\/fr\/#website","url":"https:\/\/preprod.azvitrine.ecdev.fr\/fr\/","name":"Azureva Vacances","description":"","publisher":{"@id":"https:\/\/preprod.azvitrine.ecdev.fr\/fr\/#organization"},"potentialAction":[{"@type":"SearchAction","target":{"@type":"EntryPoint","urlTemplate":"https:\/\/preprod.azvitrine.ecdev.fr\/fr\/?s={search_term_string}"},"query-input":{"@type":"PropertyValueSpecification","valueRequired":true,"valueName":"search_term_string"}}],"inLanguage":"fr"},{"@type":"Organization","@id":"https:\/\/preprod.azvitrine.ecdev.fr\/fr\/#organization","name":"Azureva Vacances","url":"https:\/\/preprod.azvitrine.ecdev.fr\/fr\/","logo":{"@type":"ImageObject","inLanguage":"fr","@id":"https:\/\/preprod.azvitrine.ecdev.fr\/fr\/#\/schema\/logo\/image\/","url":"https:\/\/preprod.azvitrine.ecdev.fr\/wp-content\/uploads\/2025\/01\/logo.svg","contentUrl":"https:\/\/preprod.azvitrine.ecdev.fr\/wp-content\/uploads\/2025\/01\/logo.svg","width":343.847,"height":78.844,"caption":"Azureva Vacances"},"image":{"@id":"https:\/\/preprod.azvitrine.ecdev.fr\/fr\/#\/schema\/logo\/image\/"},"sameAs":["https:\/\/www.facebook.com\/AzurevaVacances\/","https:\/\/www.instagram.com\/azurevavacances\/","https:\/\/www.tiktok.com\/@azureva_vacances","https:\/\/www.youtube.com\/user\/vacancesazureva","https:\/\/www.linkedin.com\/company\/azureva\/mycompany\/"]}]}},"_links":{"self":[{"href":"https:\/\/preprod.azvitrine.ecdev.fr\/fr\/wp-json\/wp\/v2\/pages\/16254","targetHints":{"allow":["GET"]}}],"collection":[{"href":"https:\/\/preprod.azvitrine.ecdev.fr\/fr\/wp-json\/wp\/v2\/pages"}],"about":[{"href":"https:\/\/preprod.azvitrine.ecdev.fr\/fr\/wp-json\/wp\/v2\/types\/page"}],"author":[{"embeddable":true,"href":"https:\/\/preprod.azvitrine.ecdev.fr\/fr\/wp-json\/wp\/v2\/users\/4"}],"replies":[{"embeddable":true,"href":"https:\/\/preprod.azvitrine.ecdev.fr\/fr\/wp-json\/wp\/v2\/comments?post=16254"}],"version-history":[{"count":0,"href":"https:\/\/preprod.azvitrine.ecdev.fr\/fr\/wp-json\/wp\/v2\/pages\/16254\/revisions"}],"wp:attachment":[{"href":"https:\/\/preprod.azvitrine.ecdev.fr\/fr\/wp-json\/wp\/v2\/media?parent=16254"}],"curies":[{"name":"wp","href":"https:\/\/api.w.org\/{rel}","templated":true}]}}