{"id":16040,"date":"2025-03-03T15:37:04","date_gmt":"2025-03-03T14:37:04","guid":{"rendered":"https:\/\/azvitrine.ecdev.fr\/?page_id=16040"},"modified":"2025-09-24T13:45:24","modified_gmt":"2025-09-24T11:45:24","slug":"avantages-azureva-vacances-familles","status":"publish","type":"page","link":"https:\/\/preprod.azvitrine.ecdev.fr\/fr\/avantages-azureva-vacances-familles\/","title":{"rendered":"Nos avantages pour des vacances en famille"},"content":{"rendered":"\t\t<div data-elementor-type=\"wp-page\" data-elementor-id=\"16040\" class=\"elementor elementor-16040\" data-elementor-post-type=\"page\">\n\t\t\t\t<div class=\"elementor-element elementor-element-7ad0463 e-flex e-con-boxed e-con e-parent\" data-id=\"7ad0463\" data-element_type=\"container\" data-settings=\"{&quot;jet_parallax_layout_list&quot;:[]}\">\n\t\t\t\t\t<div class=\"e-con-inner\">\n\t\t<div class=\"elementor-element elementor-element-5f1304a e-con-full e-flex e-con e-child\" data-id=\"5f1304a\" data-element_type=\"container\" data-settings=\"{&quot;jet_parallax_layout_list&quot;:[]}\">\n\t\t\t\t<div class=\"elementor-element elementor-element-bf94c91 elementor-widget elementor-widget-image\" data-id=\"bf94c91\" data-element_type=\"widget\" data-widget_type=\"image.default\">\n\t\t\t\t<div class=\"elementor-widget-container\">\n\t\t\t\t\t\t\t\t\t\t\t\t\t\t\t<img loading=\"lazy\" decoding=\"async\" width=\"820\" height=\"438\" src=\"https:\/\/preprod.azvitrine.ecdev.fr\/wp-content\/uploads\/2025\/03\/avantages-vacances-en-famille-1.jpg\" class=\"attachment-full size-full wp-image-16052\" alt=\"les avantages vacances en famille\" srcset=\"https:\/\/preprod.azvitrine.ecdev.fr\/wp-content\/uploads\/2025\/03\/avantages-vacances-en-famille-1.jpg 820w, https:\/\/preprod.azvitrine.ecdev.fr\/wp-content\/uploads\/2025\/03\/avantages-vacances-en-famille-1-300x160.jpg 300w, https:\/\/preprod.azvitrine.ecdev.fr\/wp-content\/uploads\/2025\/03\/avantages-vacances-en-famille-1-768x410.jpg 768w\" sizes=\"auto, (max-width: 820px) 100vw, 820px\" loading=\"lazy\" \/>\t\t\t\t\t\t\t\t\t\t\t\t\t\t\t<\/div>\n\t\t\t\t<\/div>\n\t\t\t\t<\/div>\n\t\t<div class=\"elementor-element elementor-element-33f7427 e-con-full e-flex e-con e-child\" data-id=\"33f7427\" data-element_type=\"container\" data-settings=\"{&quot;jet_parallax_layout_list&quot;:[]}\">\n\t\t\t\t<div class=\"elementor-element elementor-element-fcf7c1b elementor-widget elementor-widget-text-editor\" data-id=\"fcf7c1b\" data-element_type=\"widget\" data-widget_type=\"text-editor.default\">\n\t\t\t\t<div class=\"elementor-widget-container\">\n\t\t\t\t\t\t\t\t\t<h1><strong>Un s\u00e9jour r\u00e9ussi en village vacances avec vos enfants<\/strong><\/h1><p class=\"js-done\">Toutes nos meilleures dispositions pour r\u00e9ussir votre s\u00e9jour dans un\u00a0Village Vacances\u00a0en famille, dans un Camping ou une R\u00e9sidence de Vacances.<\/p>\t\t\t\t\t\t\t\t<\/div>\n\t\t\t\t<\/div>\n\t\t\t\t<\/div>\n\t\t\t\t\t<\/div>\n\t\t\t\t<\/div>\n\t\t<div class=\"elementor-element elementor-element-f0c5533 e-flex e-con-boxed e-con e-parent\" data-id=\"f0c5533\" data-element_type=\"container\" data-settings=\"{&quot;jet_parallax_layout_list&quot;:[]}\">\n\t\t\t\t\t<div class=\"e-con-inner\">\n\t\t\t\t<div class=\"elementor-element elementor-element-0f5bedb elementor-widget elementor-widget-text-editor\" data-id=\"0f5bedb\" data-element_type=\"widget\" data-widget_type=\"text-editor.default\">\n\t\t\t\t<div class=\"elementor-widget-container\">\n\t\t\t\t\t\t\t\t\t<article class=\"text-token-text-primary w-full focus:outline-none scroll-mt-[calc(var(--header-height)+min(200px,max(70px,20svh)))]\" dir=\"auto\" tabindex=\"-1\" data-turn-id=\"request-WEB:8b158b2d-7fa0-4fa3-978a-6067372307d5-9\" data-testid=\"conversation-turn-18\" data-scroll-anchor=\"true\" data-turn=\"assistant\"><div class=\"text-base my-auto mx-auto pb-10 [--thread-content-margin:--spacing(4)] @[37rem]:[--thread-content-margin:--spacing(6)] @[72rem]:[--thread-content-margin:--spacing(16)] px-(--thread-content-margin)\"><div class=\"[--thread-content-max-width:32rem] @[34rem]:[--thread-content-max-width:40rem] @[64rem]:[--thread-content-max-width:48rem] mx-auto max-w-(--thread-content-max-width) flex-1 group\/turn-messages focus-visible:outline-hidden relative flex w-full min-w-0 flex-col agent-turn\" tabindex=\"-1\"><div class=\"flex max-w-full flex-col grow\"><div class=\"min-h-8 text-message relative flex w-full flex-col items-end gap-2 text-start break-words whitespace-normal [.text-message+&amp;]:mt-5\" dir=\"auto\" data-message-author-role=\"assistant\" data-message-id=\"e96c84a1-6826-4ecd-bb7e-8ff6a7f056f5\" data-message-model-slug=\"gpt-5-thinking\"><div class=\"flex w-full flex-col gap-1 empty:hidden first:pt-[3px]\"><div class=\"markdown prose dark:prose-invert w-full break-words dark markdown-new-styling\"><h2 data-start=\"0\" data-end=\"71\">Vacances en famille en France : mer, campagne ou montagne\u00a0<\/h2><\/div><\/div><\/div><\/div><\/div><\/div><\/article><p>Les\u00a0villages vacances et r\u00e9sidences de vacances Azureva\u00a0sont la destination parfaite pour des\u00a0vacances familiales originales\u00a0en toute simplicit\u00e9 ! \u00c9t\u00e9 comme hiver, il n&#8217;y a pas de\u00a0meilleure p\u00e9riode pour partir en vacances\u00a0tant que l&#8217;on est en famille ! D\u00e9couvrez nos nombreuses destinations au bord de l\u2019eau, \u00e0 la campagne ou \u00e0 la montagne. Profitez des plaisirs de l\u2019oc\u00e9an dans l\u2019un de nos h\u00e9bergements sur la c\u00f4te Atlantique ou M\u00e9diterran\u00e9e. Faites le plein d\u2019air pur \u00e0 la campagne et partez \u00e0 la d\u00e9couverte des for\u00eats, des fermes et des vignobles fran\u00e7ais. Ou bien, prenez de la hauteur avec des vacances \u00e0 la montagne pour randonner ou\u00a0skier en famille l\u2019hiver, le temps d&#8217;un\u00a0s\u00e9jour ski en demi ou pension compl\u00e8te. Selon vos envies et la saison, vous trouverez forc\u00e9ment une destination qui ravira les petits comme les grands.\u00a0Nos villages vacances et r\u00e9sidences de vacances disposent de tout le confort et de toutes les activit\u00e9s n\u00e9cessaires pour passer de parfaites\u00a0vacances en famille en France\u00a0!<\/p><p><strong style=\"color: #f93c64;\">Pension offerte pour les enfants de moins de 12 ans* (limite de 2 enfants par r\u00e9servation).<\/strong><\/p><p><em>*\u00c2ge de l\u2019enfant consid\u00e9r\u00e9 au dernier jour de son s\u00e9jour. Valable pour des s\u00e9jours \u00e0 partir du 22 d\u00e9cembre.<\/em><\/p>\t\t\t\t\t\t\t\t<\/div>\n\t\t\t\t<\/div>\n\t\t\t\t\t<\/div>\n\t\t\t\t<\/div>\n\t\t<div class=\"elementor-element elementor-element-157809b e-flex e-con-boxed e-con e-parent\" data-id=\"157809b\" data-element_type=\"container\" data-settings=\"{&quot;jet_parallax_layout_list&quot;:[]}\">\n\t\t\t\t\t<div class=\"e-con-inner\">\n\t\t\t\t<div class=\"elementor-element elementor-element-22ca7ff elementor-widget elementor-widget-image\" data-id=\"22ca7ff\" data-element_type=\"widget\" data-widget_type=\"image.default\">\n\t\t\t\t<div class=\"elementor-widget-container\">\n\t\t\t\t\t\t\t\t\t\t\t\t\t\t\t<img loading=\"lazy\" decoding=\"async\" width=\"1000\" height=\"667\" src=\"https:\/\/preprod.azvitrine.ecdev.fr\/wp-content\/uploads\/2025\/08\/vacances-famille-photo-souvenir-ete.jpg\" class=\"attachment-large size-large wp-image-38870\" alt=\"vacances en famille\" srcset=\"https:\/\/preprod.azvitrine.ecdev.fr\/wp-content\/uploads\/2025\/08\/vacances-famille-photo-souvenir-ete.jpg 1000w, https:\/\/preprod.azvitrine.ecdev.fr\/wp-content\/uploads\/2025\/08\/vacances-famille-photo-souvenir-ete-300x200.jpg 300w, https:\/\/preprod.azvitrine.ecdev.fr\/wp-content\/uploads\/2025\/08\/vacances-famille-photo-souvenir-ete-768x512.jpg 768w\" sizes=\"auto, (max-width: 1000px) 100vw, 1000px\" loading=\"lazy\" \/>\t\t\t\t\t\t\t\t\t\t\t\t\t\t\t<\/div>\n\t\t\t\t<\/div>\n\t\t\t\t\t<\/div>\n\t\t\t\t<\/div>\n\t\t<div class=\"elementor-element elementor-element-9a84715 e-flex e-con-boxed e-con e-parent\" data-id=\"9a84715\" data-element_type=\"container\" data-settings=\"{&quot;jet_parallax_layout_list&quot;:[]}\">\n\t\t\t\t\t<div class=\"e-con-inner\">\n\t\t\t\t<div class=\"elementor-element elementor-element-65dc102 elementor-widget elementor-widget-text-editor\" data-id=\"65dc102\" data-element_type=\"widget\" data-widget_type=\"text-editor.default\">\n\t\t\t\t<div class=\"elementor-widget-container\">\n\t\t\t\t\t\t\t\t\t<h2 class=\"rich-text-title-3\">Des villages et r\u00e9sidences de vacances con\u00e7us pour les s\u00e9jours en familles<\/h2><p>Nos\u00a0clubs et r\u00e9sidences de vacances pour familles\u00a0et\u00a0familles nombreuses\u00a0sont \u00e9quip\u00e9s d\u2019un ou plusieurs clubs enfants. Les plus jeunes pourront ainsi se faire de nouveaux amis et profiter d\u2019activit\u00e9s pens\u00e9es pour eux. Pendant quelques heures ou durant toute une journ\u00e9e, ils seront encadr\u00e9s par des animateurs qui leur proposeront des activit\u00e9s ludiques et p\u00e9dagogiques. Les parents pourront ainsi prendre du temps pour eux, se reposer et d\u00e9couvrir les activit\u00e9s disponibles dans le Club ou la R\u00e9sidence de\u00a0vacances et aux alentours. Des spectacles, des jeux ou encore des\u00a0animations sportives\u00a0ouvertes \u00e0 tous sont \u00e9galement organis\u00e9es pour r\u00e9unir parents et enfants.<\/p><p>Nos formules en demi-pension ou en pension compl\u00e8te vous permettent de\u00a0vous retrouver en famille\u00a0autour de repas vari\u00e9s avec des buffets propos\u00e9s pour le petit-d\u00e9jeuner, le d\u00e9jeuner et\/ou le d\u00eener. Chacun peut ainsi choisir son repas selon ses go\u00fbts et ses envies. Nos Clubs et R\u00e9sidences de vacances\u00a0pour familles cultivent un \u00e9tat d\u2019esprit familial et chaleureux et petits et grands y trouvent leur compte et profitent pleinement de leur\u00a0vacances en famille.<\/p><p>BON A SAVOIR :<\/p><p>&gt;\u00a0Nos clubs enfants\/ados et Kids\u00a0services sont ouverts durant les vacances scolaires et d\u00e9pendent d&#8217;un nombre d&#8217;enfants minimum inscrits.<br \/>&gt; Azureva se r\u00e9serve le droit de ne pas accepter votre enfant si la limite l\u00e9gale du nombre d&#8217;enfant\/animateur est d\u00e9pass\u00e9.<\/p>\t\t\t\t\t\t\t\t<\/div>\n\t\t\t\t<\/div>\n\t\t\t\t\t<\/div>\n\t\t\t\t<\/div>\n\t\t<div class=\"elementor-element elementor-element-de875a5 e-flex e-con-boxed e-con e-parent\" data-id=\"de875a5\" data-element_type=\"container\" data-settings=\"{&quot;jet_parallax_layout_list&quot;:[]}\">\n\t\t\t\t\t<div class=\"e-con-inner\">\n\t\t\t\t<div class=\"elementor-element elementor-element-72ee52f elementor-widget elementor-widget-image\" data-id=\"72ee52f\" data-element_type=\"widget\" data-widget_type=\"image.default\">\n\t\t\t\t<div class=\"elementor-widget-container\">\n\t\t\t\t\t\t\t\t\t\t\t\t\t\t\t<img loading=\"lazy\" decoding=\"async\" width=\"1000\" height=\"667\" src=\"https:\/\/preprod.azvitrine.ecdev.fr\/wp-content\/uploads\/2025\/08\/famille-enfants-velo-balade-nature-ete.jpg\" class=\"attachment-large size-large wp-image-38840\" alt=\"Enfants faisant du v\u00e9lo sur un chemin de terre entour\u00e9 de nature pr\u00e8s d&#039;une r\u00e9sidence de vacances France.\" srcset=\"https:\/\/preprod.azvitrine.ecdev.fr\/wp-content\/uploads\/2025\/08\/famille-enfants-velo-balade-nature-ete-mobile.avif 420w, https:\/\/preprod.azvitrine.ecdev.fr\/wp-content\/uploads\/2025\/08\/famille-enfants-velo-balade-nature-ete-tablet.avif 860w\" sizes=\"auto, (max-width: 420px) 100vw, (max-width: 860px) 100vw, 100vw\" loading=\"lazy\" \/>\t\t\t\t\t\t\t\t\t\t\t\t\t\t\t<\/div>\n\t\t\t\t<\/div>\n\t\t\t\t\t<\/div>\n\t\t\t\t<\/div>\n\t\t<div class=\"elementor-element elementor-element-7f3ccb4 e-flex e-con-boxed e-con e-parent\" data-id=\"7f3ccb4\" data-element_type=\"container\" data-settings=\"{&quot;jet_parallax_layout_list&quot;:[]}\">\n\t\t\t\t\t<div class=\"e-con-inner\">\n\t\t\t\t<div class=\"elementor-element elementor-element-7000656 elementor-widget elementor-widget-text-editor\" data-id=\"7000656\" data-element_type=\"widget\" data-widget_type=\"text-editor.default\">\n\t\t\t\t<div class=\"elementor-widget-container\">\n\t\t\t\t\t\t\t\t\t<h2 class=\"rich-text-title-3\">Destinations avec le label &#8220;Famille Plus&#8221;<\/h2><p data-start=\"45\" data-end=\"364\">Le <strong data-start=\"48\" data-end=\"70\">label Famille Plus<\/strong> est un rep\u00e8re simple pour choisir une destination vraiment pens\u00e9e pour les parents comme pour les enfants. En s\u00e9lectionnant une station, une ville ou un site portant ce label, vous misez sur un accueil de qualit\u00e9 et des services adapt\u00e9s \u00e0 chaque \u00e2ge, pour des vacances sereines et conviviales.<\/p><p data-start=\"366\" data-end=\"393\"><span style=\"text-decoration: underline;\">Les engagements du label<\/span><\/p><ol data-start=\"395\" data-end=\"1885\"><li data-start=\"395\" data-end=\"655\"><p data-start=\"398\" data-end=\"655\"><strong data-start=\"398\" data-end=\"443\">Un accueil personnalis\u00e9 pour les familles<\/strong><br data-start=\"443\" data-end=\"446\" \/>D\u00e8s votre arriv\u00e9e, vous trouvez des informations claires, des conseils utiles et des interlocuteurs \u00e0 l\u2019\u00e9coute de vos besoins. Tout est fait pour vous orienter facilement et commencer le s\u00e9jour du bon pied.<\/p><\/li><li data-start=\"657\" data-end=\"905\"><p data-start=\"660\" data-end=\"905\"><strong data-start=\"660\" data-end=\"706\">Des animations adapt\u00e9es pour tous les \u00e2ges<\/strong><br data-start=\"706\" data-end=\"709\" \/>Des propositions pens\u00e9es pour les tout-petits, les enfants, les pr\u00e9-ados et les ados : chacun dispose d\u2019id\u00e9es d\u2019activit\u00e9s \u00e0 son niveau, pour d\u00e9couvrir, s\u2019amuser et bouger sans jamais s\u2019ennuyer.<\/p><\/li><li data-start=\"907\" data-end=\"1153\"><p data-start=\"910\" data-end=\"1153\"><strong data-start=\"910\" data-end=\"962\">Du plus petit au plus grand : \u00e0 chacun son tarif<\/strong><br data-start=\"962\" data-end=\"965\" \/>Des <strong data-start=\"972\" data-end=\"1011\">politiques tarifaires diff\u00e9renci\u00e9es<\/strong> et compr\u00e9hensibles permettent aux familles d\u2019y voir clair : des prix pens\u00e9s selon les \u00e2ges et les usages, pour ma\u00eetriser son budget vacances.<\/p><\/li><li data-start=\"1155\" data-end=\"1419\"><p data-start=\"1158\" data-end=\"1419\"><strong data-start=\"1158\" data-end=\"1210\">Des activit\u00e9s \u00e0 partager ensemble\u2026 ou s\u00e9par\u00e9ment<\/strong><br data-start=\"1210\" data-end=\"1213\" \/>Jeux et d\u00e9couvertes en famille, temps d\u00e9di\u00e9s aux enfants, instants pour les parents : le label garantit des options qui se vivent \u00e0 plusieurs ou en autonomie, afin que tout le monde profite \u00e0 son rythme.<\/p><\/li><li data-start=\"1421\" data-end=\"1662\"><p data-start=\"1424\" data-end=\"1662\"><strong data-start=\"1424\" data-end=\"1466\">Tous commerces &amp; services sous la main<\/strong><br data-start=\"1466\" data-end=\"1469\" \/>Les essentiels du quotidien sont <strong data-start=\"1505\" data-end=\"1531\">facilement accessibles<\/strong> : points d\u2019information, services pratiques et commerces \u00e0 proximit\u00e9 pour simplifier l\u2019organisation et \u00e9viter les trajets inutiles.<\/p><\/li><li data-start=\"1664\" data-end=\"1885\"><p data-start=\"1667\" data-end=\"1885\"><strong data-start=\"1667\" data-end=\"1712\">Des enfants choy\u00e9s par des professionnels<\/strong><br data-start=\"1712\" data-end=\"1715\" \/>Des \u00e9quipes attentionn\u00e9es, form\u00e9es \u00e0 l\u2019accueil des jeunes publics, veillent au confort et au bien-\u00eatre des enfants, avec des espaces et des animations con\u00e7us pour eux.<\/p><\/li><\/ol>\t\t\t\t\t\t\t\t<\/div>\n\t\t\t\t<\/div>\n\t\t\t\t\t<\/div>\n\t\t\t\t<\/div>\n\t\t\t\t<\/div>\n\t\t","protected":false},"excerpt":{"rendered":"<p>Un s\u00e9jour r\u00e9ussi en village vacances avec vos enfants Toutes nos meilleures dispositions pour r\u00e9ussir votre s\u00e9jour dans un\u00a0Village Vacances\u00a0en famille, dans un Camping ou une R\u00e9sidence de Vacances. Vacances en famille en France : mer, campagne ou montagne\u00a0 Les\u00a0villages vacances et r\u00e9sidences de vacances Azureva\u00a0sont la destination parfaite pour des\u00a0vacances familiales originales\u00a0en toute simplicit\u00e9 [&hellip;]<\/p>\n","protected":false},"author":4,"featured_media":0,"parent":0,"menu_order":0,"comment_status":"closed","ping_status":"closed","template":"","meta":{"_acf_changed":false,"footnotes":""},"class_list":["post-16040","page","type-page","status-publish","hentry"],"acf":[],"yoast_head":"<!-- This site is optimized with the Yoast SEO plugin v25.5 - https:\/\/yoast.com\/wordpress\/plugins\/seo\/ -->\n<title>Nos avantages pour des vacances en famille - Azureva Vacances<\/title>\n<meta name=\"description\" content=\"Retrouvez les meilleures offres de s\u00e9jour en famille dans villages et r\u00e9sidences de vacances avec clubs enfants et adolescents.\" \/>\n<meta name=\"robots\" content=\"index, follow, max-snippet:-1, max-image-preview:large, max-video-preview:-1\" \/>\n<link rel=\"canonical\" href=\"https:\/\/preprod.azvitrine.ecdev.fr\/fr\/avantages-azureva-vacances-familles\/\" \/>\n<meta property=\"og:locale\" content=\"fr_FR\" \/>\n<meta property=\"og:type\" content=\"article\" \/>\n<meta property=\"og:title\" content=\"Nos avantages pour des vacances en famille - Azureva Vacances\" \/>\n<meta property=\"og:description\" content=\"Retrouvez les meilleures offres de s\u00e9jour en famille dans villages et r\u00e9sidences de vacances avec clubs enfants et adolescents.\" \/>\n<meta property=\"og:url\" content=\"https:\/\/preprod.azvitrine.ecdev.fr\/fr\/avantages-azureva-vacances-familles\/\" \/>\n<meta property=\"og:site_name\" content=\"Azureva Vacances\" \/>\n<meta property=\"article:publisher\" content=\"https:\/\/www.facebook.com\/AzurevaVacances\/\" \/>\n<meta property=\"article:modified_time\" content=\"2025-09-24T11:45:24+00:00\" \/>\n<meta property=\"og:image\" content=\"https:\/\/www.azureva-vacances.com\/wp-content\/uploads\/2025\/03\/avantages-vacances-en-famille-1.jpg\" \/>\n<meta name=\"twitter:card\" content=\"summary_large_image\" \/>\n<meta name=\"twitter:label1\" content=\"Est. reading time\" \/>\n\t<meta name=\"twitter:data1\" content=\"5 minutes\" \/>\n<script type=\"application\/ld+json\" class=\"yoast-schema-graph\">{\"@context\":\"https:\/\/schema.org\",\"@graph\":[{\"@type\":\"WebPage\",\"@id\":\"https:\/\/preprod.azvitrine.ecdev.fr\/fr\/avantages-azureva-vacances-familles\/\",\"url\":\"https:\/\/preprod.azvitrine.ecdev.fr\/fr\/avantages-azureva-vacances-familles\/\",\"name\":\"Nos avantages pour des vacances en famille - Azureva Vacances\",\"isPartOf\":{\"@id\":\"https:\/\/preprod.azvitrine.ecdev.fr\/fr\/#website\"},\"primaryImageOfPage\":{\"@id\":\"https:\/\/preprod.azvitrine.ecdev.fr\/fr\/avantages-azureva-vacances-familles\/#primaryimage\"},\"image\":{\"@id\":\"https:\/\/preprod.azvitrine.ecdev.fr\/fr\/avantages-azureva-vacances-familles\/#primaryimage\"},\"thumbnailUrl\":\"https:\/\/www.azureva-vacances.com\/wp-content\/uploads\/2025\/03\/avantages-vacances-en-famille-1.jpg\",\"datePublished\":\"2025-03-03T14:37:04+00:00\",\"dateModified\":\"2025-09-24T11:45:24+00:00\",\"description\":\"Retrouvez les meilleures offres de s\u00e9jour en famille dans villages et r\u00e9sidences de vacances avec clubs enfants et adolescents.\",\"breadcrumb\":{\"@id\":\"https:\/\/preprod.azvitrine.ecdev.fr\/fr\/avantages-azureva-vacances-familles\/#breadcrumb\"},\"inLanguage\":\"fr\",\"potentialAction\":[{\"@type\":\"ReadAction\",\"target\":[\"https:\/\/preprod.azvitrine.ecdev.fr\/fr\/avantages-azureva-vacances-familles\/\"]}]},{\"@type\":\"ImageObject\",\"inLanguage\":\"fr\",\"@id\":\"https:\/\/preprod.azvitrine.ecdev.fr\/fr\/avantages-azureva-vacances-familles\/#primaryimage\",\"url\":\"https:\/\/www.azureva-vacances.com\/wp-content\/uploads\/2025\/03\/avantages-vacances-en-famille-1.jpg\",\"contentUrl\":\"https:\/\/www.azureva-vacances.com\/wp-content\/uploads\/2025\/03\/avantages-vacances-en-famille-1.jpg\"},{\"@type\":\"BreadcrumbList\",\"@id\":\"https:\/\/preprod.azvitrine.ecdev.fr\/fr\/avantages-azureva-vacances-familles\/#breadcrumb\",\"itemListElement\":[{\"@type\":\"ListItem\",\"position\":1,\"name\":\"Accueil\",\"item\":\"https:\/\/preprod.azvitrine.ecdev.fr\/fr\/\"},{\"@type\":\"ListItem\",\"position\":2,\"name\":\"Nos avantages pour des vacances en famille\"}]},{\"@type\":\"WebSite\",\"@id\":\"https:\/\/preprod.azvitrine.ecdev.fr\/fr\/#website\",\"url\":\"https:\/\/preprod.azvitrine.ecdev.fr\/fr\/\",\"name\":\"Azureva Vacances\",\"description\":\"\",\"publisher\":{\"@id\":\"https:\/\/preprod.azvitrine.ecdev.fr\/fr\/#organization\"},\"potentialAction\":[{\"@type\":\"SearchAction\",\"target\":{\"@type\":\"EntryPoint\",\"urlTemplate\":\"https:\/\/preprod.azvitrine.ecdev.fr\/fr\/?s={search_term_string}\"},\"query-input\":{\"@type\":\"PropertyValueSpecification\",\"valueRequired\":true,\"valueName\":\"search_term_string\"}}],\"inLanguage\":\"fr\"},{\"@type\":\"Organization\",\"@id\":\"https:\/\/preprod.azvitrine.ecdev.fr\/fr\/#organization\",\"name\":\"Azureva Vacances\",\"url\":\"https:\/\/preprod.azvitrine.ecdev.fr\/fr\/\",\"logo\":{\"@type\":\"ImageObject\",\"inLanguage\":\"fr\",\"@id\":\"https:\/\/preprod.azvitrine.ecdev.fr\/fr\/#\/schema\/logo\/image\/\",\"url\":\"https:\/\/preprod.azvitrine.ecdev.fr\/wp-content\/uploads\/2025\/01\/logo.svg\",\"contentUrl\":\"https:\/\/preprod.azvitrine.ecdev.fr\/wp-content\/uploads\/2025\/01\/logo.svg\",\"width\":343.847,\"height\":78.844,\"caption\":\"Azureva Vacances\"},\"image\":{\"@id\":\"https:\/\/preprod.azvitrine.ecdev.fr\/fr\/#\/schema\/logo\/image\/\"},\"sameAs\":[\"https:\/\/www.facebook.com\/AzurevaVacances\/\",\"https:\/\/www.instagram.com\/azurevavacances\/\",\"https:\/\/www.tiktok.com\/@azureva_vacances\",\"https:\/\/www.youtube.com\/user\/vacancesazureva\",\"https:\/\/www.linkedin.com\/company\/azureva\/mycompany\/\"]}]}<\/script>\n<!-- \/ Yoast SEO plugin. -->","yoast_head_json":{"title":"Nos avantages pour des vacances en famille - Azureva Vacances","description":"Retrouvez les meilleures offres de s\u00e9jour en famille dans villages et r\u00e9sidences de vacances avec clubs enfants et adolescents.","robots":{"index":"index","follow":"follow","max-snippet":"max-snippet:-1","max-image-preview":"max-image-preview:large","max-video-preview":"max-video-preview:-1"},"canonical":"https:\/\/preprod.azvitrine.ecdev.fr\/fr\/avantages-azureva-vacances-familles\/","og_locale":"fr_FR","og_type":"article","og_title":"Nos avantages pour des vacances en famille - Azureva Vacances","og_description":"Retrouvez les meilleures offres de s\u00e9jour en famille dans villages et r\u00e9sidences de vacances avec clubs enfants et adolescents.","og_url":"https:\/\/preprod.azvitrine.ecdev.fr\/fr\/avantages-azureva-vacances-familles\/","og_site_name":"Azureva Vacances","article_publisher":"https:\/\/www.facebook.com\/AzurevaVacances\/","article_modified_time":"2025-09-24T11:45:24+00:00","og_image":[{"url":"https:\/\/www.azureva-vacances.com\/wp-content\/uploads\/2025\/03\/avantages-vacances-en-famille-1.jpg","type":"","width":"","height":""}],"twitter_card":"summary_large_image","twitter_misc":{"Est. reading time":"5 minutes"},"schema":{"@context":"https:\/\/schema.org","@graph":[{"@type":"WebPage","@id":"https:\/\/preprod.azvitrine.ecdev.fr\/fr\/avantages-azureva-vacances-familles\/","url":"https:\/\/preprod.azvitrine.ecdev.fr\/fr\/avantages-azureva-vacances-familles\/","name":"Nos avantages pour des vacances en famille - Azureva Vacances","isPartOf":{"@id":"https:\/\/preprod.azvitrine.ecdev.fr\/fr\/#website"},"primaryImageOfPage":{"@id":"https:\/\/preprod.azvitrine.ecdev.fr\/fr\/avantages-azureva-vacances-familles\/#primaryimage"},"image":{"@id":"https:\/\/preprod.azvitrine.ecdev.fr\/fr\/avantages-azureva-vacances-familles\/#primaryimage"},"thumbnailUrl":"https:\/\/www.azureva-vacances.com\/wp-content\/uploads\/2025\/03\/avantages-vacances-en-famille-1.jpg","datePublished":"2025-03-03T14:37:04+00:00","dateModified":"2025-09-24T11:45:24+00:00","description":"Retrouvez les meilleures offres de s\u00e9jour en famille dans villages et r\u00e9sidences de vacances avec clubs enfants et adolescents.","breadcrumb":{"@id":"https:\/\/preprod.azvitrine.ecdev.fr\/fr\/avantages-azureva-vacances-familles\/#breadcrumb"},"inLanguage":"fr","potentialAction":[{"@type":"ReadAction","target":["https:\/\/preprod.azvitrine.ecdev.fr\/fr\/avantages-azureva-vacances-familles\/"]}]},{"@type":"ImageObject","inLanguage":"fr","@id":"https:\/\/preprod.azvitrine.ecdev.fr\/fr\/avantages-azureva-vacances-familles\/#primaryimage","url":"https:\/\/www.azureva-vacances.com\/wp-content\/uploads\/2025\/03\/avantages-vacances-en-famille-1.jpg","contentUrl":"https:\/\/www.azureva-vacances.com\/wp-content\/uploads\/2025\/03\/avantages-vacances-en-famille-1.jpg"},{"@type":"BreadcrumbList","@id":"https:\/\/preprod.azvitrine.ecdev.fr\/fr\/avantages-azureva-vacances-familles\/#breadcrumb","itemListElement":[{"@type":"ListItem","position":1,"name":"Accueil","item":"https:\/\/preprod.azvitrine.ecdev.fr\/fr\/"},{"@type":"ListItem","position":2,"name":"Nos avantages pour des vacances en famille"}]},{"@type":"WebSite","@id":"https:\/\/preprod.azvitrine.ecdev.fr\/fr\/#website","url":"https:\/\/preprod.azvitrine.ecdev.fr\/fr\/","name":"Azureva Vacances","description":"","publisher":{"@id":"https:\/\/preprod.azvitrine.ecdev.fr\/fr\/#organization"},"potentialAction":[{"@type":"SearchAction","target":{"@type":"EntryPoint","urlTemplate":"https:\/\/preprod.azvitrine.ecdev.fr\/fr\/?s={search_term_string}"},"query-input":{"@type":"PropertyValueSpecification","valueRequired":true,"valueName":"search_term_string"}}],"inLanguage":"fr"},{"@type":"Organization","@id":"https:\/\/preprod.azvitrine.ecdev.fr\/fr\/#organization","name":"Azureva Vacances","url":"https:\/\/preprod.azvitrine.ecdev.fr\/fr\/","logo":{"@type":"ImageObject","inLanguage":"fr","@id":"https:\/\/preprod.azvitrine.ecdev.fr\/fr\/#\/schema\/logo\/image\/","url":"https:\/\/preprod.azvitrine.ecdev.fr\/wp-content\/uploads\/2025\/01\/logo.svg","contentUrl":"https:\/\/preprod.azvitrine.ecdev.fr\/wp-content\/uploads\/2025\/01\/logo.svg","width":343.847,"height":78.844,"caption":"Azureva Vacances"},"image":{"@id":"https:\/\/preprod.azvitrine.ecdev.fr\/fr\/#\/schema\/logo\/image\/"},"sameAs":["https:\/\/www.facebook.com\/AzurevaVacances\/","https:\/\/www.instagram.com\/azurevavacances\/","https:\/\/www.tiktok.com\/@azureva_vacances","https:\/\/www.youtube.com\/user\/vacancesazureva","https:\/\/www.linkedin.com\/company\/azureva\/mycompany\/"]}]}},"_links":{"self":[{"href":"https:\/\/preprod.azvitrine.ecdev.fr\/fr\/wp-json\/wp\/v2\/pages\/16040","targetHints":{"allow":["GET"]}}],"collection":[{"href":"https:\/\/preprod.azvitrine.ecdev.fr\/fr\/wp-json\/wp\/v2\/pages"}],"about":[{"href":"https:\/\/preprod.azvitrine.ecdev.fr\/fr\/wp-json\/wp\/v2\/types\/page"}],"author":[{"embeddable":true,"href":"https:\/\/preprod.azvitrine.ecdev.fr\/fr\/wp-json\/wp\/v2\/users\/4"}],"replies":[{"embeddable":true,"href":"https:\/\/preprod.azvitrine.ecdev.fr\/fr\/wp-json\/wp\/v2\/comments?post=16040"}],"version-history":[{"count":1,"href":"https:\/\/preprod.azvitrine.ecdev.fr\/fr\/wp-json\/wp\/v2\/pages\/16040\/revisions"}],"predecessor-version":[{"id":39609,"href":"https:\/\/preprod.azvitrine.ecdev.fr\/fr\/wp-json\/wp\/v2\/pages\/16040\/revisions\/39609"}],"wp:attachment":[{"href":"https:\/\/preprod.azvitrine.ecdev.fr\/fr\/wp-json\/wp\/v2\/media?parent=16040"}],"curies":[{"name":"wp","href":"https:\/\/api.w.org\/{rel}","templated":true}]}}