{"id":11608,"date":"2025-01-24T01:09:10","date_gmt":"2025-01-24T00:09:10","guid":{"rendered":"https:\/\/azvitrine.ecdev.fr\/?page_id=11608"},"modified":"2025-08-28T14:52:14","modified_gmt":"2025-08-28T12:52:14","slug":"animations","status":"publish","type":"page","link":"https:\/\/preprod.azvitrine.ecdev.fr\/fr\/animations\/","title":{"rendered":"Animations"},"content":{"rendered":"\t\t<div data-elementor-type=\"wp-page\" data-elementor-id=\"11608\" class=\"elementor elementor-11608\" data-elementor-post-type=\"page\">\n\t\t\t\t<div class=\"elementor-element elementor-element-16b994d e-con-full e-flex e-con e-parent\" data-id=\"16b994d\" data-element_type=\"container\" data-settings=\"{&quot;jet_parallax_layout_list&quot;:[],&quot;background_background&quot;:&quot;classic&quot;}\">\n\t\t\t\t<\/div>\n\t\t<div class=\"elementor-element elementor-element-b2f3957 e-con-full e-flex e-con e-parent\" data-id=\"b2f3957\" data-element_type=\"container\" data-settings=\"{&quot;jet_parallax_layout_list&quot;:[]}\">\n\t\t<div class=\"elementor-element elementor-element-a8abc53 e-con-full e-flex e-con e-child\" data-id=\"a8abc53\" data-element_type=\"container\" data-settings=\"{&quot;jet_parallax_layout_list&quot;:[]}\">\n\t\t\t\t<div class=\"elementor-element elementor-element-210559b elementor-widget elementor-widget-breadcrumbs\" data-id=\"210559b\" data-element_type=\"widget\" data-widget_type=\"breadcrumbs.default\">\n\t\t\t\t<div class=\"elementor-widget-container\">\n\t\t\t\t\t<p id=\"breadcrumbs\"><span><span><a href=\"https:\/\/preprod.azvitrine.ecdev.fr\/fr\/\">Accueil<\/a><\/span><\/span><\/p>\t\t\t\t<\/div>\n\t\t\t\t<\/div>\n\t\t\t\t<div class=\"elementor-element elementor-element-ebffbde elementor-widget elementor-widget-heading\" data-id=\"ebffbde\" data-element_type=\"widget\" data-widget_type=\"heading.default\">\n\t\t\t\t<div class=\"elementor-widget-container\">\n\t\t\t\t\t<h2 class=\"elementor-heading-title elementor-size-default\">Animations pour petits et grands<\/h2>\t\t\t\t<\/div>\n\t\t\t\t<\/div>\n\t\t\t\t<div class=\"elementor-element elementor-element-28608fa elementor-widget elementor-widget-text-editor\" data-id=\"28608fa\" data-element_type=\"widget\" data-widget_type=\"text-editor.default\">\n\t\t\t\t<div class=\"elementor-widget-container\">\n\t\t\t\t\t\t\t\t\t<p data-start=\"0\" data-end=\"401\">Que vous soyez en qu\u00eate d\u2019aventure, de d\u00e9tente ou de d\u00e9couverte culturelle, nos \u00e9quipes ont tout pr\u00e9vu pour que votre s\u00e9jour soit inoubliable. Des moments dynamiques pour se d\u00e9passer, des parenth\u00e8ses apaisantes pour souffler, et des temps de d\u00e9couverte pour \u00e9veiller la curiosit\u00e9 : chacun trouve sa place, \u00e0 son rythme, en solo, en duo ou en famille.<\/p><p data-start=\"403\" data-end=\"754\">Ici, les animations pour petits et grands riment avec convivialit\u00e9 et bonne humeur. On partage, on rit, on \u00e9change, on apprend des autres et on se cr\u00e9e de jolis rituels de vacances. Les plus jeunes s\u2019\u00e9merveillent, les ados s\u2019affirment, les parents se ressourcent : une alchimie simple et joyeuse qui transforme chaque journ\u00e9e en exp\u00e9rience \u00e0 part.<\/p><p data-start=\"756\" data-end=\"986\" data-is-last-node=\"\" data-is-only-node=\"\">Alors, pr\u00e9parez-vous \u00e0 vivre des moments magiques et \u00e0 cr\u00e9er des souvenirs m\u00e9morables avec nous : ces instants qui rapprochent, ces rires qui r\u00e9sonnent, et ces images que l\u2019on garde longtemps en t\u00eate, bien apr\u00e8s le retour.<\/p>\t\t\t\t\t\t\t\t<\/div>\n\t\t\t\t<\/div>\n\t\t\t\t<\/div>\n\t\t\t\t<div class=\"elementor-element elementor-element-11bd626 elementor-widget__width-initial elementor-widget elementor-widget-image\" data-id=\"11bd626\" data-element_type=\"widget\" data-widget_type=\"image.default\">\n\t\t\t\t<div class=\"elementor-widget-container\">\n\t\t\t\t\t\t\t\t\t\t\t\t\t\t\t<img loading=\"lazy\" decoding=\"async\" width=\"1024\" height=\"678\" src=\"https:\/\/preprod.azvitrine.ecdev.fr\/wp-content\/uploads\/2025\/05\/activite-archerie-1024x678.jpg\" class=\"attachment-large size-large wp-image-24201\" alt=\"animation de tir \u00e0 l&#039;arc\" srcset=\"https:\/\/preprod.azvitrine.ecdev.fr\/wp-content\/uploads\/2025\/05\/activite-archerie-1024x678.jpg 1024w, https:\/\/preprod.azvitrine.ecdev.fr\/wp-content\/uploads\/2025\/05\/activite-archerie-300x199.jpg 300w, https:\/\/preprod.azvitrine.ecdev.fr\/wp-content\/uploads\/2025\/05\/activite-archerie-768x509.jpg 768w, https:\/\/preprod.azvitrine.ecdev.fr\/wp-content\/uploads\/2025\/05\/activite-archerie-1536x1017.jpg 1536w, https:\/\/preprod.azvitrine.ecdev.fr\/wp-content\/uploads\/2025\/05\/activite-archerie-2048x1356.jpg 2048w\" sizes=\"auto, (max-width: 1024px) 100vw, 1024px\" loading=\"lazy\" \/>\t\t\t\t\t\t\t\t\t\t\t\t\t\t\t<\/div>\n\t\t\t\t<\/div>\n\t\t\t\t<\/div>\n\t\t<div class=\"elementor-element elementor-element-c17a2e4 e-con-full e-flex e-con e-parent\" data-id=\"c17a2e4\" data-element_type=\"container\" data-settings=\"{&quot;jet_parallax_layout_list&quot;:[]}\">\n\t\t<div class=\"elementor-element elementor-element-601079d e-con-full e-flex e-con e-child\" data-id=\"601079d\" data-element_type=\"container\" data-settings=\"{&quot;jet_parallax_layout_list&quot;:[]}\">\n\t\t\t\t<div class=\"elementor-element elementor-element-98c9171 elementor-widget__width-initial elementor-widget elementor-widget-image\" data-id=\"98c9171\" data-element_type=\"widget\" data-widget_type=\"image.default\">\n\t\t\t\t<div class=\"elementor-widget-container\">\n\t\t\t\t\t\t\t\t\t\t\t\t\t\t\t<img loading=\"lazy\" decoding=\"async\" width=\"1000\" height=\"666\" src=\"https:\/\/preprod.azvitrine.ecdev.fr\/wp-content\/uploads\/2025\/08\/visite-guidee-groupe-ville-historique-1.jpg-1.jpg\" class=\"attachment-large size-large wp-image-38889\" alt=\"vacances en groupe france\" srcset=\"https:\/\/preprod.azvitrine.ecdev.fr\/wp-content\/uploads\/2025\/08\/visite-guidee-groupe-ville-historique-1.jpg-1.jpg 1000w, https:\/\/preprod.azvitrine.ecdev.fr\/wp-content\/uploads\/2025\/08\/visite-guidee-groupe-ville-historique-1.jpg-1-300x200.jpg 300w, https:\/\/preprod.azvitrine.ecdev.fr\/wp-content\/uploads\/2025\/08\/visite-guidee-groupe-ville-historique-1.jpg-1-768x511.jpg 768w\" sizes=\"auto, (max-width: 1000px) 100vw, 1000px\" loading=\"lazy\" \/>\t\t\t\t\t\t\t\t\t\t\t\t\t\t\t<\/div>\n\t\t\t\t<\/div>\n\t\t\t\t<\/div>\n\t\t<div class=\"elementor-element elementor-element-0727c61 e-con-full e-flex e-con e-child\" data-id=\"0727c61\" data-element_type=\"container\" data-settings=\"{&quot;jet_parallax_layout_list&quot;:[]}\">\n\t\t\t\t<div class=\"elementor-element elementor-element-8d71a8a elementor-widget elementor-widget-heading\" data-id=\"8d71a8a\" data-element_type=\"widget\" data-widget_type=\"heading.default\">\n\t\t\t\t<div class=\"elementor-widget-container\">\n\t\t\t\t\t<h2 class=\"elementor-heading-title elementor-size-default\">Partez \u00e0 la d\u00e9couverte du terroir<\/h2>\t\t\t\t<\/div>\n\t\t\t\t<\/div>\n\t\t\t\t<div class=\"elementor-element elementor-element-ca44f8c elementor-widget elementor-widget-text-editor\" data-id=\"ca44f8c\" data-element_type=\"widget\" data-widget_type=\"text-editor.default\">\n\t\t\t\t<div class=\"elementor-widget-container\">\n\t\t\t\t\t\t\t\t\t<p>Envie d\u2019explorer la r\u00e9gion autrement ? Nos animateurs passionn\u00e9s vous ouvrent les portes des plus beaux secrets du territoire. Accompagn\u00e9s de ces v\u00e9ritables ambassadeurs locaux, partez \u00e0 la rencontre de lieux authentiques et de personnalit\u00e9s inspirantes.<\/p><p>Au programme :<\/p><ul><li>Visites de phares, marais salants, bassins ostr\u00e9icoles, vignobles\u2026<\/li><li>Balades \u00e0 v\u00e9lo ou en bateau, explorations souterraines, randos nature\u2026<\/li><li>Sites historiques embl\u00e9matiques : Mont-Saint-Michel, Fort Vauban, cit\u00e9 de Concarneau\u2026<\/li><li>Rencontres avec les producteurs, d\u00e9gustations, artisanat et traditions locales<\/li><\/ul><p>=&gt; Profitez aussi d&#8217;activit\u00e9s partenaires \u00e0 tarifs pr\u00e9f\u00e9rentiels autour de nos \u00e9tablissements.<\/p>\t\t\t\t\t\t\t\t<\/div>\n\t\t\t\t<\/div>\n\t\t\t\t<\/div>\n\t\t\t\t<\/div>\n\t\t<div class=\"elementor-element elementor-element-fd54ec9 e-con-full e-flex e-con e-parent\" data-id=\"fd54ec9\" data-element_type=\"container\" data-settings=\"{&quot;jet_parallax_layout_list&quot;:[]}\">\n\t\t\t\t<div class=\"elementor-element elementor-element-3eb9fd3 elementor-widget elementor-widget-image\" data-id=\"3eb9fd3\" data-element_type=\"widget\" data-widget_type=\"image.default\">\n\t\t\t\t<div class=\"elementor-widget-container\">\n\t\t\t\t\t\t\t\t\t\t\t\t\t\t\t<img loading=\"lazy\" decoding=\"async\" width=\"1024\" height=\"576\" src=\"https:\/\/preprod.azvitrine.ecdev.fr\/wp-content\/uploads\/2025\/05\/Animation-Azureva-St-Cyprien-1024x576.jpg\" class=\"attachment-large size-large wp-image-24176\" alt=\"Soir\u00e9e mousse \u00e0 la piscine dans un village vacances Azureva\" srcset=\"https:\/\/preprod.azvitrine.ecdev.fr\/wp-content\/uploads\/2025\/05\/Animation-Azureva-St-Cyprien-1024x576.jpg 1024w, https:\/\/preprod.azvitrine.ecdev.fr\/wp-content\/uploads\/2025\/05\/Animation-Azureva-St-Cyprien-300x169.jpg 300w, https:\/\/preprod.azvitrine.ecdev.fr\/wp-content\/uploads\/2025\/05\/Animation-Azureva-St-Cyprien-768x432.jpg 768w, https:\/\/preprod.azvitrine.ecdev.fr\/wp-content\/uploads\/2025\/05\/Animation-Azureva-St-Cyprien-1536x864.jpg 1536w, https:\/\/preprod.azvitrine.ecdev.fr\/wp-content\/uploads\/2025\/05\/Animation-Azureva-St-Cyprien.jpg 1921w\" sizes=\"auto, (max-width: 1024px) 100vw, 1024px\" loading=\"lazy\" \/>\t\t\t\t\t\t\t\t\t\t\t\t\t\t\t<\/div>\n\t\t\t\t<\/div>\n\t\t\t\t<\/div>\n\t\t<div class=\"elementor-element elementor-element-f345b03 e-con-full e-flex e-con e-parent\" data-id=\"f345b03\" data-element_type=\"container\" data-settings=\"{&quot;jet_parallax_layout_list&quot;:[]}\">\n\t\t<div class=\"elementor-element elementor-element-25fbe9d e-con-full e-flex e-con e-child\" data-id=\"25fbe9d\" data-element_type=\"container\" data-settings=\"{&quot;jet_parallax_layout_list&quot;:[]}\">\n\t\t\t\t<div class=\"elementor-element elementor-element-deb1de1 elementor-widget elementor-widget-heading\" data-id=\"deb1de1\" data-element_type=\"widget\" data-widget_type=\"heading.default\">\n\t\t\t\t<div class=\"elementor-widget-container\">\n\t\t\t\t\t<h2 class=\"elementor-heading-title elementor-size-default\">Des animations vari\u00e9es toute la journ\u00e9e<\/h2>\t\t\t\t<\/div>\n\t\t\t\t<\/div>\n\t\t\t\t<div class=\"elementor-element elementor-element-4f3c12d elementor-widget elementor-widget-text-editor\" data-id=\"4f3c12d\" data-element_type=\"widget\" data-widget_type=\"text-editor.default\">\n\t\t\t\t<div class=\"elementor-widget-container\">\n\t\t\t\t\t\t\t\t\t<p>Impossible de s\u2019ennuyer ! Chaque jour, retrouvez des activit\u00e9s pour tous les go\u00fbts, encadr\u00e9es par nos \u00e9quipes dans une ambiance d\u00e9tendue et chaleureuse.<\/p><p>\u00a0<\/p><p>Nos animations phares :<\/p><ul><li>Ateliers culinaires : d\u00e9couvrez les saveurs locales et repartez avec des recettes savoureuses.<\/li><li>Olympiades et kermesses : jeux et d\u00e9fis en famille ou entre vacanciers.<\/li><li>Bien-\u00eatre : yoga, stretching et fabrication de cosm\u00e9tiques naturels.<\/li><li>Initiation \u00e0 la danse : tous styles, tous niveaux, juste pour le plaisir de bouger !<\/li><li>Archery Tag : une version fun et familiale du paintball, fa\u00e7on Robin des bois.<\/li><li>Activit\u00e9s aquatiques : aquafun, mousse party, scrabble aquatique\u2026 pr\u00e9parez-vous \u00e0 \u00eatre tremp\u00e9s de rires !<\/li><li>Chasses aux tr\u00e9sors : aventures palpitantes pour petits et grands explorateurs.<\/li><\/ul>\t\t\t\t\t\t\t\t<\/div>\n\t\t\t\t<\/div>\n\t\t\t\t<\/div>\n\t\t\t\t<div class=\"elementor-element elementor-element-8b78ba7 elementor-widget__width-initial elementor-widget elementor-widget-image\" data-id=\"8b78ba7\" data-element_type=\"widget\" data-widget_type=\"image.default\">\n\t\t\t\t<div class=\"elementor-widget-container\">\n\t\t\t\t\t\t\t\t\t\t\t\t\t\t\t<img loading=\"lazy\" decoding=\"async\" width=\"1024\" height=\"681\" src=\"https:\/\/preprod.azvitrine.ecdev.fr\/wp-content\/uploads\/2025\/05\/activite-alpinisme-1024x681.jpg\" class=\"attachment-large size-large wp-image-24170\" alt=\"Escalade s\u00e9curis\u00e9e en via ferrata pendant les vacances Azureva\" srcset=\"https:\/\/preprod.azvitrine.ecdev.fr\/wp-content\/uploads\/2025\/05\/activite-alpinisme-1024x681.jpg 1024w, https:\/\/preprod.azvitrine.ecdev.fr\/wp-content\/uploads\/2025\/05\/activite-alpinisme-300x199.jpg 300w, https:\/\/preprod.azvitrine.ecdev.fr\/wp-content\/uploads\/2025\/05\/activite-alpinisme-768x510.jpg 768w, https:\/\/preprod.azvitrine.ecdev.fr\/wp-content\/uploads\/2025\/05\/activite-alpinisme-1536x1021.jpg 1536w, https:\/\/preprod.azvitrine.ecdev.fr\/wp-content\/uploads\/2025\/05\/activite-alpinisme-2048x1361.jpg 2048w\" sizes=\"auto, (max-width: 1024px) 100vw, 1024px\" loading=\"lazy\" \/>\t\t\t\t\t\t\t\t\t\t\t\t\t\t\t<\/div>\n\t\t\t\t<\/div>\n\t\t\t\t<\/div>\n\t\t<div class=\"elementor-element elementor-element-31f270e e-con-full e-flex e-con e-parent\" data-id=\"31f270e\" data-element_type=\"container\" data-settings=\"{&quot;jet_parallax_layout_list&quot;:[]}\">\n\t\t<div class=\"elementor-element elementor-element-c778950 e-con-full e-flex e-con e-child\" data-id=\"c778950\" data-element_type=\"container\" data-settings=\"{&quot;jet_parallax_layout_list&quot;:[]}\">\n\t\t\t\t<div class=\"elementor-element elementor-element-c042fe6 elementor-widget elementor-widget-heading\" data-id=\"c042fe6\" data-element_type=\"widget\" data-widget_type=\"heading.default\">\n\t\t\t\t<div class=\"elementor-widget-container\">\n\t\t\t\t\t<h2 class=\"elementor-heading-title elementor-size-default\">Des soir\u00e9es inoubliables<\/h2>\t\t\t\t<\/div>\n\t\t\t\t<\/div>\n\t\t\t\t<div class=\"elementor-element elementor-element-ffd7bbf elementor-widget elementor-widget-text-editor\" data-id=\"ffd7bbf\" data-element_type=\"widget\" data-widget_type=\"text-editor.default\">\n\t\t\t\t<div class=\"elementor-widget-container\">\n\t\t\t\t\t\t\t\t\t<p>Quand le soleil se couche, la f\u00eate continue ! Chaque soir, une nouvelle ambiance vous attend : festive, musicale, conviviale ou tout simplement magique.<\/p><p>\u00a0<\/p><p>Nos incontournables :<\/p><ul><li>Holy Party : une explosion de couleurs !<\/li><li>Fluo &amp; White Party : brillez de mille feux sur la piste.<\/li><li>Concerts live : du rock \u00e0 la musique traditionnelle, il y en a pour tous les go\u00fbts.<\/li><li>Karaok\u00e9 : \u00e0 vous la sc\u00e8ne !<\/li><li>Soir\u00e9es dansantes : ambiance assur\u00e9e jusqu\u2019au bout de la nuit.<\/li><li>Caf\u00e9-th\u00e9\u00e2tre &amp; com\u00e9die musicale : rires et \u00e9motions garanties.<\/li><li>Mini Disco : le rendez-vous des petits f\u00eatards !<\/li><\/ul>\t\t\t\t\t\t\t\t<\/div>\n\t\t\t\t<\/div>\n\t\t\t\t<\/div>\n\t\t\t\t<div class=\"elementor-element elementor-element-72ed449 elementor-widget__width-initial elementor-widget elementor-widget-image\" data-id=\"72ed449\" data-element_type=\"widget\" data-widget_type=\"image.default\">\n\t\t\t\t<div class=\"elementor-widget-container\">\n\t\t\t\t\t\t\t\t\t\t\t\t\t\t\t<img loading=\"lazy\" decoding=\"async\" width=\"722\" height=\"722\" src=\"https:\/\/preprod.azvitrine.ecdev.fr\/wp-content\/uploads\/2024\/10\/soirees-saint-cyprien-azureva-1.jpg\" class=\"attachment-large size-large wp-image-13882\" alt=\"la soir\u00e9e saint cyprien azureva\" srcset=\"https:\/\/preprod.azvitrine.ecdev.fr\/wp-content\/uploads\/2024\/10\/soirees-saint-cyprien-azureva-1.jpg 722w, https:\/\/preprod.azvitrine.ecdev.fr\/wp-content\/uploads\/2024\/10\/soirees-saint-cyprien-azureva-1-300x300.jpg 300w, https:\/\/preprod.azvitrine.ecdev.fr\/wp-content\/uploads\/2024\/10\/soirees-saint-cyprien-azureva-1-150x150.jpg 150w, https:\/\/preprod.azvitrine.ecdev.fr\/wp-content\/uploads\/2024\/10\/soirees-saint-cyprien-azureva-1-500x500.jpg 500w\" sizes=\"auto, (max-width: 722px) 100vw, 722px\" loading=\"lazy\" \/>\t\t\t\t\t\t\t\t\t\t\t\t\t\t\t<\/div>\n\t\t\t\t<\/div>\n\t\t\t\t<\/div>\n\t\t\t\t<\/div>\n\t\t","protected":false},"excerpt":{"rendered":"<p>Animations pour petits et grands : vivez vos vacances \u00e0 fond ! Animations pour petits et grands Que vous soyez en qu\u00eate d\u2019aventure, de d\u00e9tente ou de d\u00e9couverte culturelle, nos \u00e9quipes ont tout pr\u00e9vu pour que votre s\u00e9jour soit inoubliable. Des moments dynamiques pour se d\u00e9passer, des parenth\u00e8ses apaisantes pour souffler, et des temps de [&hellip;]<\/p>\n","protected":false},"author":1,"featured_media":0,"parent":0,"menu_order":0,"comment_status":"closed","ping_status":"closed","template":"full-width.php","meta":{"_acf_changed":false,"footnotes":""},"class_list":["post-11608","page","type-page","status-publish","hentry"],"acf":[],"yoast_head":"<!-- This site is optimized with the Yoast SEO plugin v25.5 - https:\/\/yoast.com\/wordpress\/plugins\/seo\/ -->\n<title>Animations - Azureva Vacances<\/title>\n<meta name=\"description\" content=\"Des animations pour toute la famille dans nos villages vacances Azureva, chaque jour de vraies exp\u00e9riences \u00e0 vivre.\" \/>\n<meta name=\"robots\" content=\"index, follow, max-snippet:-1, max-image-preview:large, max-video-preview:-1\" \/>\n<link rel=\"canonical\" href=\"https:\/\/preprod.azvitrine.ecdev.fr\/fr\/animations\/\" \/>\n<meta property=\"og:locale\" content=\"fr_FR\" \/>\n<meta property=\"og:type\" content=\"article\" \/>\n<meta property=\"og:title\" content=\"Animations - Azureva Vacances\" \/>\n<meta property=\"og:description\" content=\"Des animations pour toute la famille dans nos villages vacances Azureva, chaque jour de vraies exp\u00e9riences \u00e0 vivre.\" \/>\n<meta property=\"og:url\" content=\"https:\/\/preprod.azvitrine.ecdev.fr\/fr\/animations\/\" \/>\n<meta property=\"og:site_name\" content=\"Azureva Vacances\" \/>\n<meta property=\"article:publisher\" content=\"https:\/\/www.facebook.com\/AzurevaVacances\/\" \/>\n<meta property=\"article:modified_time\" content=\"2025-08-28T12:52:14+00:00\" \/>\n<meta property=\"og:image\" content=\"https:\/\/www.azureva-vacances.com\/wp-content\/uploads\/2025\/05\/activite-archerie-1024x678.jpg\" \/>\n<meta name=\"twitter:card\" content=\"summary_large_image\" \/>\n<meta name=\"twitter:label1\" content=\"Est. reading time\" \/>\n\t<meta name=\"twitter:data1\" content=\"4 minutes\" \/>\n<script type=\"application\/ld+json\" class=\"yoast-schema-graph\">{\"@context\":\"https:\/\/schema.org\",\"@graph\":[{\"@type\":\"WebPage\",\"@id\":\"https:\/\/preprod.azvitrine.ecdev.fr\/fr\/animations\/\",\"url\":\"https:\/\/preprod.azvitrine.ecdev.fr\/fr\/animations\/\",\"name\":\"Animations - Azureva Vacances\",\"isPartOf\":{\"@id\":\"https:\/\/preprod.azvitrine.ecdev.fr\/fr\/#website\"},\"primaryImageOfPage\":{\"@id\":\"https:\/\/preprod.azvitrine.ecdev.fr\/fr\/animations\/#primaryimage\"},\"image\":{\"@id\":\"https:\/\/preprod.azvitrine.ecdev.fr\/fr\/animations\/#primaryimage\"},\"thumbnailUrl\":\"https:\/\/www.azureva-vacances.com\/wp-content\/uploads\/2025\/05\/activite-archerie-1024x678.jpg\",\"datePublished\":\"2025-01-24T00:09:10+00:00\",\"dateModified\":\"2025-08-28T12:52:14+00:00\",\"description\":\"Des animations pour toute la famille dans nos villages vacances Azureva, chaque jour de vraies exp\u00e9riences \u00e0 vivre.\",\"breadcrumb\":{\"@id\":\"https:\/\/preprod.azvitrine.ecdev.fr\/fr\/animations\/#breadcrumb\"},\"inLanguage\":\"fr\",\"potentialAction\":[{\"@type\":\"ReadAction\",\"target\":[\"https:\/\/preprod.azvitrine.ecdev.fr\/fr\/animations\/\"]}]},{\"@type\":\"ImageObject\",\"inLanguage\":\"fr\",\"@id\":\"https:\/\/preprod.azvitrine.ecdev.fr\/fr\/animations\/#primaryimage\",\"url\":\"https:\/\/www.azureva-vacances.com\/wp-content\/uploads\/2025\/05\/activite-archerie-1024x678.jpg\",\"contentUrl\":\"https:\/\/www.azureva-vacances.com\/wp-content\/uploads\/2025\/05\/activite-archerie-1024x678.jpg\"},{\"@type\":\"BreadcrumbList\",\"@id\":\"https:\/\/preprod.azvitrine.ecdev.fr\/fr\/animations\/#breadcrumb\",\"itemListElement\":[{\"@type\":\"ListItem\",\"position\":1,\"name\":\"Accueil\",\"item\":\"https:\/\/preprod.azvitrine.ecdev.fr\/fr\/\"},{\"@type\":\"ListItem\",\"position\":2,\"name\":\"Animations\"}]},{\"@type\":\"WebSite\",\"@id\":\"https:\/\/preprod.azvitrine.ecdev.fr\/fr\/#website\",\"url\":\"https:\/\/preprod.azvitrine.ecdev.fr\/fr\/\",\"name\":\"Azureva Vacances\",\"description\":\"\",\"publisher\":{\"@id\":\"https:\/\/preprod.azvitrine.ecdev.fr\/fr\/#organization\"},\"potentialAction\":[{\"@type\":\"SearchAction\",\"target\":{\"@type\":\"EntryPoint\",\"urlTemplate\":\"https:\/\/preprod.azvitrine.ecdev.fr\/fr\/?s={search_term_string}\"},\"query-input\":{\"@type\":\"PropertyValueSpecification\",\"valueRequired\":true,\"valueName\":\"search_term_string\"}}],\"inLanguage\":\"fr\"},{\"@type\":\"Organization\",\"@id\":\"https:\/\/preprod.azvitrine.ecdev.fr\/fr\/#organization\",\"name\":\"Azureva Vacances\",\"url\":\"https:\/\/preprod.azvitrine.ecdev.fr\/fr\/\",\"logo\":{\"@type\":\"ImageObject\",\"inLanguage\":\"fr\",\"@id\":\"https:\/\/preprod.azvitrine.ecdev.fr\/fr\/#\/schema\/logo\/image\/\",\"url\":\"https:\/\/preprod.azvitrine.ecdev.fr\/wp-content\/uploads\/2025\/01\/logo.svg\",\"contentUrl\":\"https:\/\/preprod.azvitrine.ecdev.fr\/wp-content\/uploads\/2025\/01\/logo.svg\",\"width\":343.847,\"height\":78.844,\"caption\":\"Azureva Vacances\"},\"image\":{\"@id\":\"https:\/\/preprod.azvitrine.ecdev.fr\/fr\/#\/schema\/logo\/image\/\"},\"sameAs\":[\"https:\/\/www.facebook.com\/AzurevaVacances\/\",\"https:\/\/www.instagram.com\/azurevavacances\/\",\"https:\/\/www.tiktok.com\/@azureva_vacances\",\"https:\/\/www.youtube.com\/user\/vacancesazureva\",\"https:\/\/www.linkedin.com\/company\/azureva\/mycompany\/\"]}]}<\/script>\n<!-- \/ Yoast SEO plugin. -->","yoast_head_json":{"title":"Animations - Azureva Vacances","description":"Des animations pour toute la famille dans nos villages vacances Azureva, chaque jour de vraies exp\u00e9riences \u00e0 vivre.","robots":{"index":"index","follow":"follow","max-snippet":"max-snippet:-1","max-image-preview":"max-image-preview:large","max-video-preview":"max-video-preview:-1"},"canonical":"https:\/\/preprod.azvitrine.ecdev.fr\/fr\/animations\/","og_locale":"fr_FR","og_type":"article","og_title":"Animations - Azureva Vacances","og_description":"Des animations pour toute la famille dans nos villages vacances Azureva, chaque jour de vraies exp\u00e9riences \u00e0 vivre.","og_url":"https:\/\/preprod.azvitrine.ecdev.fr\/fr\/animations\/","og_site_name":"Azureva Vacances","article_publisher":"https:\/\/www.facebook.com\/AzurevaVacances\/","article_modified_time":"2025-08-28T12:52:14+00:00","og_image":[{"url":"https:\/\/www.azureva-vacances.com\/wp-content\/uploads\/2025\/05\/activite-archerie-1024x678.jpg","type":"","width":"","height":""}],"twitter_card":"summary_large_image","twitter_misc":{"Est. reading time":"4 minutes"},"schema":{"@context":"https:\/\/schema.org","@graph":[{"@type":"WebPage","@id":"https:\/\/preprod.azvitrine.ecdev.fr\/fr\/animations\/","url":"https:\/\/preprod.azvitrine.ecdev.fr\/fr\/animations\/","name":"Animations - Azureva Vacances","isPartOf":{"@id":"https:\/\/preprod.azvitrine.ecdev.fr\/fr\/#website"},"primaryImageOfPage":{"@id":"https:\/\/preprod.azvitrine.ecdev.fr\/fr\/animations\/#primaryimage"},"image":{"@id":"https:\/\/preprod.azvitrine.ecdev.fr\/fr\/animations\/#primaryimage"},"thumbnailUrl":"https:\/\/www.azureva-vacances.com\/wp-content\/uploads\/2025\/05\/activite-archerie-1024x678.jpg","datePublished":"2025-01-24T00:09:10+00:00","dateModified":"2025-08-28T12:52:14+00:00","description":"Des animations pour toute la famille dans nos villages vacances Azureva, chaque jour de vraies exp\u00e9riences \u00e0 vivre.","breadcrumb":{"@id":"https:\/\/preprod.azvitrine.ecdev.fr\/fr\/animations\/#breadcrumb"},"inLanguage":"fr","potentialAction":[{"@type":"ReadAction","target":["https:\/\/preprod.azvitrine.ecdev.fr\/fr\/animations\/"]}]},{"@type":"ImageObject","inLanguage":"fr","@id":"https:\/\/preprod.azvitrine.ecdev.fr\/fr\/animations\/#primaryimage","url":"https:\/\/www.azureva-vacances.com\/wp-content\/uploads\/2025\/05\/activite-archerie-1024x678.jpg","contentUrl":"https:\/\/www.azureva-vacances.com\/wp-content\/uploads\/2025\/05\/activite-archerie-1024x678.jpg"},{"@type":"BreadcrumbList","@id":"https:\/\/preprod.azvitrine.ecdev.fr\/fr\/animations\/#breadcrumb","itemListElement":[{"@type":"ListItem","position":1,"name":"Accueil","item":"https:\/\/preprod.azvitrine.ecdev.fr\/fr\/"},{"@type":"ListItem","position":2,"name":"Animations"}]},{"@type":"WebSite","@id":"https:\/\/preprod.azvitrine.ecdev.fr\/fr\/#website","url":"https:\/\/preprod.azvitrine.ecdev.fr\/fr\/","name":"Azureva Vacances","description":"","publisher":{"@id":"https:\/\/preprod.azvitrine.ecdev.fr\/fr\/#organization"},"potentialAction":[{"@type":"SearchAction","target":{"@type":"EntryPoint","urlTemplate":"https:\/\/preprod.azvitrine.ecdev.fr\/fr\/?s={search_term_string}"},"query-input":{"@type":"PropertyValueSpecification","valueRequired":true,"valueName":"search_term_string"}}],"inLanguage":"fr"},{"@type":"Organization","@id":"https:\/\/preprod.azvitrine.ecdev.fr\/fr\/#organization","name":"Azureva Vacances","url":"https:\/\/preprod.azvitrine.ecdev.fr\/fr\/","logo":{"@type":"ImageObject","inLanguage":"fr","@id":"https:\/\/preprod.azvitrine.ecdev.fr\/fr\/#\/schema\/logo\/image\/","url":"https:\/\/preprod.azvitrine.ecdev.fr\/wp-content\/uploads\/2025\/01\/logo.svg","contentUrl":"https:\/\/preprod.azvitrine.ecdev.fr\/wp-content\/uploads\/2025\/01\/logo.svg","width":343.847,"height":78.844,"caption":"Azureva Vacances"},"image":{"@id":"https:\/\/preprod.azvitrine.ecdev.fr\/fr\/#\/schema\/logo\/image\/"},"sameAs":["https:\/\/www.facebook.com\/AzurevaVacances\/","https:\/\/www.instagram.com\/azurevavacances\/","https:\/\/www.tiktok.com\/@azureva_vacances","https:\/\/www.youtube.com\/user\/vacancesazureva","https:\/\/www.linkedin.com\/company\/azureva\/mycompany\/"]}]}},"_links":{"self":[{"href":"https:\/\/preprod.azvitrine.ecdev.fr\/fr\/wp-json\/wp\/v2\/pages\/11608","targetHints":{"allow":["GET"]}}],"collection":[{"href":"https:\/\/preprod.azvitrine.ecdev.fr\/fr\/wp-json\/wp\/v2\/pages"}],"about":[{"href":"https:\/\/preprod.azvitrine.ecdev.fr\/fr\/wp-json\/wp\/v2\/types\/page"}],"author":[{"embeddable":true,"href":"https:\/\/preprod.azvitrine.ecdev.fr\/fr\/wp-json\/wp\/v2\/users\/1"}],"replies":[{"embeddable":true,"href":"https:\/\/preprod.azvitrine.ecdev.fr\/fr\/wp-json\/wp\/v2\/comments?post=11608"}],"version-history":[{"count":0,"href":"https:\/\/preprod.azvitrine.ecdev.fr\/fr\/wp-json\/wp\/v2\/pages\/11608\/revisions"}],"wp:attachment":[{"href":"https:\/\/preprod.azvitrine.ecdev.fr\/fr\/wp-json\/wp\/v2\/media?parent=11608"}],"curies":[{"name":"wp","href":"https:\/\/api.w.org\/{rel}","templated":true}]}}